{"id":81597,"date":"2019-10-03T12:00:33","date_gmt":"2019-10-03T17:00:33","guid":{"rendered":"https:\/\/www.junglescout.com\/sales-analytics\/"},"modified":"2021-02-19T16:36:01","modified_gmt":"2021-02-19T21:36:01","slug":"sales-analytics","status":"publish","type":"page","link":"https:\/\/www.junglescout.com\/de\/features\/sales-analytics\/","title":{"rendered":"Analysesoftware f\u00fcr Amazon-Verk\u00e4ufer \u2013 FBA-Produkt- und Verkaufsanalyse"},"content":{"rendered":"      <section class=\"d-flex justify-content-center container-fluid\"  style=\"background-image: url(https:\/\/www.junglescout.com\/wp-content\/uploads\/2019\/10\/header-bg-stripes-orange.jpg);background-position: center center;background-size: cover;background-repeat: no-repeat\">\n        \n<div class='container align-items-center row'>\n<div class='d-flex flex-column justify-content-center order-1 pl-md-0 wp-block-js-block-layout-column col-12 col-sm-12 col-md-6 col-lg-6 col-xl-6' style='text-align: left'>\n  <div     >\n    \n\n<span class=\"badge badge-white text-primary text-uppercase font-size-12\"> \n<img loading=\"lazy\" decoding=\"async\" src=\"https:\/\/www.junglescout.com\/wp-content\/uploads\/2020\/07\/sales-analytics@2x-1.png\" alt=\"\" class=\"wp-image-23961 mr-1 mb-1\" width=\"10\" height=\"10\">Verkaufsanalyse<\/span>\n\n  <\/div>\n\n  \n\n<h1 class='mb-4 ml-0 wp-block-js-block-heading' style='text-align: left;color: #000000'>Die Kommandozentrale f\u00fcr Ihre Finanzen<\/h1>\n\n\n<p class=\"has-text-align-left mb-6\" style=\"font-size:18px\">Zeigen Sie sofort den Gewinn an, behalten Sie die Amazon-Geb\u00fchren im Auge und bleiben Sie \u00fcber den Finanzstatus Ihres Unternehmens auf dem Laufenden.<\/p>\n\n\n<a style='max-width:200px;' target='_self' class='js-btn js-btn-orange-gradient' href='https:\/\/www.junglescout.com\/de\/pricing'>Erste Schritte<\/a>\n<\/div>\n\n<div class='my-6 order-2 pr-md-0 wp-block-js-block-layout-column col-12 col-sm-12 col-md-6 col-lg-6 col-xl-6' style='text-align: left'>\n<figure class=\"wp-block-image size-large no-lazy pt-4 pt-md-0\"><img decoding=\"async\" width=\"569\" height=\"341\" src=\"https:\/\/www.junglescout.com\/wp-content\/uploads\/2021\/02\/german-localization_sales-analytics-hero-graphic-1.png\" alt=\"\" class=\"wp-image-81647 no-lazy\" srcset=\"https:\/\/www.junglescout.com\/wp-content\/uploads\/2021\/02\/german-localization_sales-analytics-hero-graphic-1.png 569w, https:\/\/www.junglescout.com\/wp-content\/uploads\/2021\/02\/german-localization_sales-analytics-hero-graphic-1-300x180.png 300w\" sizes=\"(max-width: 569px) 100vw, 569px\" \/><\/figure>\n\n<\/div>\n<\/div>\n      <\/section>\n    \n\n      <section class=\"container\" >\n        \n<div class='justify-content-center row'>\n<div class='wp-block-js-block-layout-column col-12 col-sm-12 col-md-7 col-lg-7 col-xl-7' style='text-align: left'>\n<h2 class='mt-0 mb-4 wp-block-js-block-heading' style='text-align: center'>Was ist die Verkaufsanalyse?<\/h2>\n\n\n<p class=\"has-text-align-center mw-700 mx-auto mb-0\">Bei der Verkaufsanalyse werden alle Ihre Amazon-Verkaufsdaten in Echtzeit organisiert und verfolgt, damit Sie sich auf gewinnorientierte und kostensparende Strategien f\u00fcr Ihr Unternehmen konzentrieren k\u00f6nnen.<\/p>\n\n<\/div>\n<\/div>\n      <\/section>\n    \n\n      <section class=\"container\" >\n        \n<div class='justify-content-around align-items-center row'>\n<div class='order-2 order-md-1 wp-block-js-block-layout-column col-12 col-sm-12 col-md-6 col-lg-5 col-xl-5' style='text-align: left'>\n  <div     >\n      <\/div>\n\n  \n\n<h3 class='ml-0 mt-0 wp-block-js-block-heading' style='text-align: left'>Zeigen Sie aktuelle und vergangene Daten mit Gewinn\u00fcbersicht an<\/h3>\n\n\n<p class=\"has-text-align-left\">Betrachten Sie Umsatz- und Gewinndaten aus Unternehmensperspektive oder auf einem Dashboard mit mehreren Produkten. Sehen Sie verkaufte Einheiten, Nettomarge, Rentabilit\u00e4t, Gewinn u.&nbsp;v.&nbsp;m. an. Vergleichen Sie den Umsatz innerhalb eines bestimmten Zeitraums mit benutzerdefinierten Datumsbereichen, um zu verstehen, wie sich Werbeaktionen, R\u00fcckerstattungen und andere Variablen auf Ihren Gewinn auswirken.<\/p>\n\n<\/div>\n\n<div class='order-1 order-md-2  wp-block-js-block-layout-column col-12 col-sm-12 col-md-6 col-lg-6 col-xl-6' style='text-align: left'>\n\n<figure class=\"wp-block-image size-large mb-2\"><img loading=\"lazy\" decoding=\"async\" width=\"593\" height=\"304\" src=\"https:\/\/www.junglescout.com\/wp-content\/uploads\/2021\/02\/german-localization_current-and-historical-sales-data-graphic-1.png\" alt=\"\" class=\"wp-image-81619\" srcset=\"https:\/\/www.junglescout.com\/wp-content\/uploads\/2021\/02\/german-localization_current-and-historical-sales-data-graphic-1.png 593w, https:\/\/www.junglescout.com\/wp-content\/uploads\/2021\/02\/german-localization_current-and-historical-sales-data-graphic-1-300x154.png 300w\" sizes=\"(max-width: 593px) 100vw, 593px\" \/><\/figure>\n\n<\/div>\n<\/div>\n\n<div class='my-20  justify-content-around align-items-center row'>\n<div class='wp-block-js-block-layout-column col-12 col-sm-12 col-md-6 col-lg-6 col-xl-6' style='text-align: left'>\n\n<figure class=\"wp-block-image size-large mb-md-n1 ml-md-n2 pr-0 pr-md-6\"><img loading=\"lazy\" decoding=\"async\" width=\"591\" height=\"379\" src=\"https:\/\/www.junglescout.com\/wp-content\/uploads\/2021\/02\/german-localization_view-details-graphic-1.png\" alt=\"\" class=\"wp-image-81654\" srcset=\"https:\/\/www.junglescout.com\/wp-content\/uploads\/2021\/02\/german-localization_view-details-graphic-1.png 591w, https:\/\/www.junglescout.com\/wp-content\/uploads\/2021\/02\/german-localization_view-details-graphic-1-300x192.png 300w\" sizes=\"(max-width: 591px) 100vw, 591px\" \/><\/figure>\n\n<\/div>\n\n<div class='wp-block-js-block-layout-column col-12 col-sm-12 col-md-6 col-lg-5 col-xl-5' style='text-align: left'>\n<h3 class='ml-0 wp-block-js-block-heading' style='text-align: left'>Sehen Sie sich Produktdaten an<\/h3>\n\n\n<p class=\"has-text-align-left\">Sehen Sie sich die Performance eines bestimmten Produkts anhand von Produktnamen, ASIN oder SKU an, um Umsatz- und Einnahmendetails, PPC- Kampagnendaten sowie Anbieter und Versandkosten zu analysieren. Verfolgen Sie eingehende FBA-Sendungen, damit Sie wissen, wann sie das Versandnetzwerk von Amazon erreichen.<\/p>\n\n<\/div>\n<\/div>\n\n<div class='mb-4 justify-content-around align-items-center row'>\n<div class='order-2 order-md-1 wp-block-js-block-layout-column col-12 col-sm-12 col-md-6 col-lg-5 col-xl-5' style='text-align: left'>\n<h3 class='ml-0 wp-block-js-block-heading' style='text-align: left'>Sehen Sie sich die Finanzkennzahlen an<\/h3>\n\n\n<p>Erstellen Sie eine professionelle Gewinn- und Verlustrechnung f\u00fcr Ihr Unternehmen. Lassen Sie sich kritische Kennzahlen wie Einnahmen, versteckte Geb\u00fchren, Produktionskosten (COGS) und Betriebsausgaben nach ausgew\u00e4hlten Zeitr\u00e4umen anzeigen, um Fortschritt, Trends und Steuern im Blick zu behalten.<\/p>\n\n<\/div>\n\n<div class='order-1 order-md-2 wp-block-js-block-layout-column col-12 col-sm-12 col-md-6 col-lg-6 col-xl-6' style='text-align: left'>\n\n<figure class=\"wp-block-image size-large\"><img loading=\"lazy\" decoding=\"async\" width=\"590\" height=\"335\" src=\"https:\/\/www.junglescout.com\/wp-content\/uploads\/2021\/02\/german-localization_full-financial-picture-graphic-1.png\" alt=\"\" class=\"wp-image-81640\" srcset=\"https:\/\/www.junglescout.com\/wp-content\/uploads\/2021\/02\/german-localization_full-financial-picture-graphic-1.png 590w, https:\/\/www.junglescout.com\/wp-content\/uploads\/2021\/02\/german-localization_full-financial-picture-graphic-1-300x170.png 300w\" sizes=\"(max-width: 590px) 100vw, 590px\" \/><\/figure>\n\n<\/div>\n<\/div>\n\n<div class='my-20  justify-content-around align-items-center row'>\n<div class='wp-block-js-block-layout-column col-12 col-sm-12 col-md-6 col-lg-6 col-xl-6' style='text-align: left'>\n\n<figure class=\"wp-block-image size-large mt-n1\"><img loading=\"lazy\" decoding=\"async\" width=\"589\" height=\"395\" src=\"https:\/\/www.junglescout.com\/wp-content\/uploads\/2021\/02\/german-localization_customize-your-expenses-graphic-1.png\" alt=\"\" class=\"wp-image-81626\" srcset=\"https:\/\/www.junglescout.com\/wp-content\/uploads\/2021\/02\/german-localization_customize-your-expenses-graphic-1.png 589w, https:\/\/www.junglescout.com\/wp-content\/uploads\/2021\/02\/german-localization_customize-your-expenses-graphic-1-300x201.png 300w\" sizes=\"(max-width: 589px) 100vw, 589px\" \/><\/figure>\n\n<\/div>\n\n<div class='wp-block-js-block-layout-column col-12 col-sm-12 col-md-6 col-lg-5 col-xl-5' style='text-align: left'>\n<h3 class='ml-0 wp-block-js-block-heading' style='text-align: left'>Passen Sie Ihre Ausgaben individuell an<\/h3>\n\n\n<p class=\"has-text-align-left\">Dokumentieren Sie Ausgaben wie Kosten f\u00fcr Werbung, Geh\u00e4lter, Versand und Lagerhaltung oder andere allgemeine Geb\u00fchren. F\u00fcgen Sie f\u00fcr Ihr Unternehmen benutzerdefinierte positive oder negative Eintr\u00e4ge hinzu.<\/p>\n\n<\/div>\n<\/div>\n\n<div class='my-20 justify-content-between align-items-center row'>\n<div class='order-2 order-md-1 wp-block-js-block-layout-column col-12 col-sm-12 col-md-6 col-lg-5 col-xl-5' style='text-align: left'>\n<h3 class='ml-0 wp-block-js-block-heading' style='text-align: left'>Evaluieren Sie Ihre PPC-Kampagnen<\/h3>\n\n\n<p class=\"has-text-align-left\">Messen Sie Ihre PPC-bezogenen Verk\u00e4ufe und Ausgaben, um Informationen f\u00fcr zuk\u00fcnftige Kampagnen zu erhalten. Vergleichen Sie den Umsatzverlauf aus PPC- Ausgaben mit organischen Verk\u00e4ufen und zeigen Sie PPC-Ausgaben auf Produktebene oder f\u00fcr einen Datumsbereich an.<\/p>\n\n<\/div>\n\n<div class='order-1 order-md-2 wp-block-js-block-layout-column col-12 col-sm-12 col-md-6 col-lg-6 col-xl-6' style='text-align: left'>\n\n<figure class=\"wp-block-image size-large\"><img loading=\"lazy\" decoding=\"async\" width=\"588\" height=\"358\" src=\"https:\/\/www.junglescout.com\/wp-content\/uploads\/2021\/02\/german-localization_evaluate-your-ppc-graphic-1.png\" alt=\"\" class=\"wp-image-81633\" srcset=\"https:\/\/www.junglescout.com\/wp-content\/uploads\/2021\/02\/german-localization_evaluate-your-ppc-graphic-1.png 588w, https:\/\/www.junglescout.com\/wp-content\/uploads\/2021\/02\/german-localization_evaluate-your-ppc-graphic-1-300x183.png 300w\" sizes=\"(max-width: 588px) 100vw, 588px\" \/><\/figure>\n\n<\/div>\n<\/div>\n      <\/section>\n    \n\n<style type=\"text\/css\">          .background-53 {\n        background-image: url('https:\/\/www.junglescout.com\/wp-content\/uploads\/2019\/07\/rectangle-2.png');\n        background-size: cover;        background-position: center center;        background-repeat: no-repeat;                }\n      <\/style>  <div   class=\"background-53\"  >\n    \n      <section class=\"py-20 mb-0 container\" >\n        \n<div class='row'>\n<div class='py-2 wp-block-js-block-layout-column col-12 col-sm-12 col-md-12 col-lg-12 col-xl-12' style='text-align: center'>\n<h3 class='text-center text-white wp-block-js-block-heading' style='text-align: center'>Verfolgen Sie Ihren finanziellen Erfolg mit Jungle Scout<\/h3>\n\n\n<p class=\"has-text-align-center mb-12 text-center text-white\">Jungle Scout bietet eine 14-t\u00e4gige Geld-zur\u00fcck-Garantie.<\/p>\n\n\n<a style='max-width: 270px; width: 100%;' target='_self' class='js-btn js-btn-orange-gradient' href='https:\/\/www.junglescout.com\/de\/pricing\/'>Registrieren<\/a>\n<\/div>\n<\/div>\n      <\/section>\n    \n  <\/div>\n\n  ","protected":false},"excerpt":{"rendered":"","protected":false},"author":62,"featured_media":0,"parent":14020,"menu_order":0,"comment_status":"closed","ping_status":"closed","template":"template-blank-5.blade.php","meta":{"_acf_changed":false,"om_disable_all_campaigns":false,"footnotes":""},"customer-segment":[],"content-type":[],"topic":[],"feature":[],"product":[],"seller-activity-pain-point":[],"persona":[],"customer-type":[],"data":[],"other-tag":[],"business-model":[],"platform":[],"acf":[],"yoast_head":"<!-- This site is optimized with the Yoast SEO Premium plugin v22.9 (Yoast SEO v24.5) - https:\/\/yoast.com\/wordpress\/plugins\/seo\/ -->\n<title>Analysesoftware f\u00fcr Amazon-Verk\u00e4ufer \u2013 FBA-Produkt- und Verkaufsanalyse<\/title>\n<meta name=\"robots\" content=\"index, follow, max-snippet:-1, max-image-preview:large, max-video-preview:-1\" \/>\n<link rel=\"canonical\" href=\"https:\/\/www.junglescout.com\/de\/features\/sales-analytics\/\" \/>\n<meta property=\"og:locale\" content=\"de_DE\" \/>\n<meta property=\"og:type\" content=\"article\" \/>\n<meta property=\"og:title\" content=\"Analysesoftware f\u00fcr Amazon-Verk\u00e4ufer \u2013 FBA-Produkt- und Verkaufsanalyse\" \/>\n<meta property=\"og:url\" content=\"https:\/\/www.junglescout.com\/de\/features\/sales-analytics\/\" \/>\n<meta property=\"og:site_name\" content=\"Jungle Scout\" \/>\n<meta property=\"article:modified_time\" content=\"2021-02-19T21:36:01+00:00\" \/>\n<meta property=\"og:image\" content=\"https:\/\/www.junglescout.com\/wp-content\/uploads\/2021\/02\/German-Localization-Sales-Analytics.jpg\" \/>\n\t<meta property=\"og:image:width\" content=\"1200\" \/>\n\t<meta property=\"og:image:height\" content=\"628\" \/>\n\t<meta property=\"og:image:type\" content=\"image\/jpeg\" \/>\n<meta name=\"twitter:card\" content=\"summary_large_image\" \/>\n<meta name=\"twitter:image\" content=\"https:\/\/www.junglescout.com\/wp-content\/uploads\/2021\/02\/German-Localization-Sales-Analytics.jpg\" \/>\n<meta name=\"twitter:label1\" content=\"Est. reading time\" \/>\n\t<meta name=\"twitter:data1\" content=\"1 minute\" \/>\n<script type=\"application\/ld+json\" class=\"yoast-schema-graph\">{\"@context\":\"https:\/\/schema.org\",\"@graph\":[{\"@type\":\"WebPage\",\"@id\":\"https:\/\/www.junglescout.com\/de\/features\/sales-analytics\/\",\"url\":\"https:\/\/www.junglescout.com\/de\/features\/sales-analytics\/\",\"name\":\"Analysesoftware f\u00fcr Amazon-Verk\u00e4ufer \u2013 FBA-Produkt- und Verkaufsanalyse\",\"isPartOf\":{\"@id\":\"https:\/\/www.junglescout.com\/de\/#website\"},\"primaryImageOfPage\":{\"@id\":\"https:\/\/www.junglescout.com\/de\/features\/sales-analytics\/#primaryimage\"},\"image\":{\"@id\":\"https:\/\/www.junglescout.com\/de\/features\/sales-analytics\/#primaryimage\"},\"thumbnailUrl\":\"https:\/\/www.junglescout.com\/wp-content\/uploads\/2020\/07\/sales-analytics@2x-1.png\",\"datePublished\":\"2019-10-03T17:00:33+00:00\",\"dateModified\":\"2021-02-19T21:36:01+00:00\",\"breadcrumb\":{\"@id\":\"https:\/\/www.junglescout.com\/de\/features\/sales-analytics\/#breadcrumb\"},\"inLanguage\":\"de-DE\",\"potentialAction\":[{\"@type\":\"ReadAction\",\"target\":[\"https:\/\/www.junglescout.com\/de\/features\/sales-analytics\/\"]}]},{\"@type\":\"ImageObject\",\"inLanguage\":\"de-DE\",\"@id\":\"https:\/\/www.junglescout.com\/de\/features\/sales-analytics\/#primaryimage\",\"url\":\"https:\/\/www.junglescout.com\/wp-content\/uploads\/2020\/07\/sales-analytics@2x-1.png\",\"contentUrl\":\"https:\/\/www.junglescout.com\/wp-content\/uploads\/2020\/07\/sales-analytics@2x-1.png\"},{\"@type\":\"BreadcrumbList\",\"@id\":\"https:\/\/www.junglescout.com\/de\/features\/sales-analytics\/#breadcrumb\",\"itemListElement\":[{\"@type\":\"ListItem\",\"position\":1,\"name\":\"features\",\"item\":\"https:\/\/www.junglescout.com\/de\/features\/\"},{\"@type\":\"ListItem\",\"position\":2,\"name\":\"Analysesoftware f\u00fcr Amazon-Verk\u00e4ufer \u2013 FBA-Produkt- und Verkaufsanalyse\"}]},{\"@type\":\"WebSite\",\"@id\":\"https:\/\/www.junglescout.com\/de\/#website\",\"url\":\"https:\/\/www.junglescout.com\/de\/\",\"name\":\"Jungle Scout\",\"description\":\"Amazon Data for Brands, Retailers &amp; Financial Services\",\"publisher\":{\"@id\":\"https:\/\/www.junglescout.com\/de\/#organization\"},\"potentialAction\":[{\"@type\":\"SearchAction\",\"target\":{\"@type\":\"EntryPoint\",\"urlTemplate\":\"https:\/\/www.junglescout.com\/de\/?s={search_term_string}\"},\"query-input\":{\"@type\":\"PropertyValueSpecification\",\"valueRequired\":true,\"valueName\":\"search_term_string\"}}],\"inLanguage\":\"de-DE\"},{\"@type\":\"Organization\",\"@id\":\"https:\/\/www.junglescout.com\/de\/#organization\",\"name\":\"Jungle Scout\",\"url\":\"https:\/\/www.junglescout.com\/de\/\",\"logo\":{\"@type\":\"ImageObject\",\"inLanguage\":\"de-DE\",\"@id\":\"https:\/\/www.junglescout.com\/de\/#\/schema\/logo\/image\/\",\"url\":\"https:\/\/www.junglescout.com\/wp-content\/uploads\/2025\/03\/Jungle-Scout-Branding-Wordmark.svg\",\"contentUrl\":\"https:\/\/www.junglescout.com\/wp-content\/uploads\/2025\/03\/Jungle-Scout-Branding-Wordmark.svg\",\"width\":150,\"height\":23,\"caption\":\"Jungle Scout\"},\"image\":{\"@id\":\"https:\/\/www.junglescout.com\/de\/#\/schema\/logo\/image\/\"}}]}<\/script>\n<!-- \/ Yoast SEO Premium plugin. -->","yoast_head_json":{"title":"Analysesoftware f\u00fcr Amazon-Verk\u00e4ufer \u2013 FBA-Produkt- und Verkaufsanalyse","robots":{"index":"index","follow":"follow","max-snippet":"max-snippet:-1","max-image-preview":"max-image-preview:large","max-video-preview":"max-video-preview:-1"},"canonical":"https:\/\/www.junglescout.com\/de\/features\/sales-analytics\/","og_locale":"de_DE","og_type":"article","og_title":"Analysesoftware f\u00fcr Amazon-Verk\u00e4ufer \u2013 FBA-Produkt- und Verkaufsanalyse","og_url":"https:\/\/www.junglescout.com\/de\/features\/sales-analytics\/","og_site_name":"Jungle Scout","article_modified_time":"2021-02-19T21:36:01+00:00","og_image":[{"width":1200,"height":628,"url":"https:\/\/www.junglescout.com\/wp-content\/uploads\/2021\/02\/German-Localization-Sales-Analytics.jpg","type":"image\/jpeg"}],"twitter_card":"summary_large_image","twitter_image":"https:\/\/www.junglescout.com\/wp-content\/uploads\/2021\/02\/German-Localization-Sales-Analytics.jpg","twitter_misc":{"Est. reading time":"1 minute"},"schema":{"@context":"https:\/\/schema.org","@graph":[{"@type":"WebPage","@id":"https:\/\/www.junglescout.com\/de\/features\/sales-analytics\/","url":"https:\/\/www.junglescout.com\/de\/features\/sales-analytics\/","name":"Analysesoftware f\u00fcr Amazon-Verk\u00e4ufer \u2013 FBA-Produkt- und Verkaufsanalyse","isPartOf":{"@id":"https:\/\/www.junglescout.com\/de\/#website"},"primaryImageOfPage":{"@id":"https:\/\/www.junglescout.com\/de\/features\/sales-analytics\/#primaryimage"},"image":{"@id":"https:\/\/www.junglescout.com\/de\/features\/sales-analytics\/#primaryimage"},"thumbnailUrl":"https:\/\/www.junglescout.com\/wp-content\/uploads\/2020\/07\/sales-analytics@2x-1.png","datePublished":"2019-10-03T17:00:33+00:00","dateModified":"2021-02-19T21:36:01+00:00","breadcrumb":{"@id":"https:\/\/www.junglescout.com\/de\/features\/sales-analytics\/#breadcrumb"},"inLanguage":"de-DE","potentialAction":[{"@type":"ReadAction","target":["https:\/\/www.junglescout.com\/de\/features\/sales-analytics\/"]}]},{"@type":"ImageObject","inLanguage":"de-DE","@id":"https:\/\/www.junglescout.com\/de\/features\/sales-analytics\/#primaryimage","url":"https:\/\/www.junglescout.com\/wp-content\/uploads\/2020\/07\/sales-analytics@2x-1.png","contentUrl":"https:\/\/www.junglescout.com\/wp-content\/uploads\/2020\/07\/sales-analytics@2x-1.png"},{"@type":"BreadcrumbList","@id":"https:\/\/www.junglescout.com\/de\/features\/sales-analytics\/#breadcrumb","itemListElement":[{"@type":"ListItem","position":1,"name":"features","item":"https:\/\/www.junglescout.com\/de\/features\/"},{"@type":"ListItem","position":2,"name":"Analysesoftware f\u00fcr Amazon-Verk\u00e4ufer \u2013 FBA-Produkt- und Verkaufsanalyse"}]},{"@type":"WebSite","@id":"https:\/\/www.junglescout.com\/de\/#website","url":"https:\/\/www.junglescout.com\/de\/","name":"Jungle Scout","description":"Amazon Data for Brands, Retailers &amp; Financial Services","publisher":{"@id":"https:\/\/www.junglescout.com\/de\/#organization"},"potentialAction":[{"@type":"SearchAction","target":{"@type":"EntryPoint","urlTemplate":"https:\/\/www.junglescout.com\/de\/?s={search_term_string}"},"query-input":{"@type":"PropertyValueSpecification","valueRequired":true,"valueName":"search_term_string"}}],"inLanguage":"de-DE"},{"@type":"Organization","@id":"https:\/\/www.junglescout.com\/de\/#organization","name":"Jungle Scout","url":"https:\/\/www.junglescout.com\/de\/","logo":{"@type":"ImageObject","inLanguage":"de-DE","@id":"https:\/\/www.junglescout.com\/de\/#\/schema\/logo\/image\/","url":"https:\/\/www.junglescout.com\/wp-content\/uploads\/2025\/03\/Jungle-Scout-Branding-Wordmark.svg","contentUrl":"https:\/\/www.junglescout.com\/wp-content\/uploads\/2025\/03\/Jungle-Scout-Branding-Wordmark.svg","width":150,"height":23,"caption":"Jungle Scout"},"image":{"@id":"https:\/\/www.junglescout.com\/de\/#\/schema\/logo\/image\/"}}]}},"_links":{"self":[{"href":"https:\/\/www.junglescout.com\/de\/wp-json\/wp\/v2\/pages\/81597"}],"collection":[{"href":"https:\/\/www.junglescout.com\/de\/wp-json\/wp\/v2\/pages"}],"about":[{"href":"https:\/\/www.junglescout.com\/de\/wp-json\/wp\/v2\/types\/page"}],"author":[{"embeddable":true,"href":"https:\/\/www.junglescout.com\/de\/wp-json\/wp\/v2\/users\/62"}],"replies":[{"embeddable":true,"href":"https:\/\/www.junglescout.com\/de\/wp-json\/wp\/v2\/comments?post=81597"}],"version-history":[{"count":0,"href":"https:\/\/www.junglescout.com\/de\/wp-json\/wp\/v2\/pages\/81597\/revisions"}],"up":[{"embeddable":true,"href":"https:\/\/www.junglescout.com\/de\/wp-json\/wp\/v2\/pages\/14020"}],"wp:attachment":[{"href":"https:\/\/www.junglescout.com\/de\/wp-json\/wp\/v2\/media?parent=81597"}],"wp:term":[{"taxonomy":"customer-segment","embeddable":true,"href":"https:\/\/www.junglescout.com\/de\/wp-json\/wp\/v2\/customer-segment?post=81597"},{"taxonomy":"content-type","embeddable":true,"href":"https:\/\/www.junglescout.com\/de\/wp-json\/wp\/v2\/content-type?post=81597"},{"taxonomy":"topic","embeddable":true,"href":"https:\/\/www.junglescout.com\/de\/wp-json\/wp\/v2\/topic?post=81597"},{"taxonomy":"feature","embeddable":true,"href":"https:\/\/www.junglescout.com\/de\/wp-json\/wp\/v2\/feature?post=81597"},{"taxonomy":"product","embeddable":true,"href":"https:\/\/www.junglescout.com\/de\/wp-json\/wp\/v2\/product?post=81597"},{"taxonomy":"seller-activity-pain-point","embeddable":true,"href":"https:\/\/www.junglescout.com\/de\/wp-json\/wp\/v2\/seller-activity-pain-point?post=81597"},{"taxonomy":"persona","embeddable":true,"href":"https:\/\/www.junglescout.com\/de\/wp-json\/wp\/v2\/persona?post=81597"},{"taxonomy":"customer-type","embeddable":true,"href":"https:\/\/www.junglescout.com\/de\/wp-json\/wp\/v2\/customer-type?post=81597"},{"taxonomy":"data","embeddable":true,"href":"https:\/\/www.junglescout.com\/de\/wp-json\/wp\/v2\/data?post=81597"},{"taxonomy":"other-tag","embeddable":true,"href":"https:\/\/www.junglescout.com\/de\/wp-json\/wp\/v2\/other-tag?post=81597"},{"taxonomy":"business-model","embeddable":true,"href":"https:\/\/www.junglescout.com\/de\/wp-json\/wp\/v2\/business-model?post=81597"},{"taxonomy":"platform","embeddable":true,"href":"https:\/\/www.junglescout.com\/de\/wp-json\/wp\/v2\/platform?post=81597"}],"curies":[{"name":"wp","href":"https:\/\/api.w.org\/{rel}","templated":true}]}}