{"id":82126,"date":"2020-09-29T13:55:24","date_gmt":"2020-09-29T18:55:24","guid":{"rendered":"https:\/\/www.junglescout.com\/review-automation\/"},"modified":"2021-03-31T14:52:19","modified_gmt":"2021-03-31T19:52:19","slug":"review-automation","status":"publish","type":"page","link":"https:\/\/www.junglescout.com\/de\/features\/review-automation\/","title":{"rendered":"Amazon Rezensionsautomatisierung f\u00fcr Seller Central \u2013 Sichern Sie sich mehr Verk\u00e4ufer"},"content":{"rendered":"  <div   class=\"py-12\"  style=\"background-image: url(https:\/\/www.junglescout.com\/wp-content\/uploads\/2020\/06\/group-4@2x-1.png);;background-position: center center;background-size: cover;background-repeat: no-repeat\">\n    \n      <section class=\"container\" >\n        \n<div class='justify-content-around align-items-center row'>\n<div class='wp-block-js-block-layout-column col-12 col-sm-12 col-md-10 col-lg-7 col-xl-7' style='text-align: left'>\n  <div     >\n    \n\n<span class=\"badge badge-white text-primary text-uppercase font-size-12 px-1 px-md-2\"> \n<img loading=\"lazy\" decoding=\"async\" src=\"https:\/\/www.junglescout.com\/wp-content\/uploads\/2020\/09\/review-automation@2x.png\" alt=\"\" class=\"wp-image-23961 mr-2 mb-1\" width=\"12\" height=\"12\">Rezensionsautomatisierung<\/span>\n\n  <\/div>\n\n  \n\n<h1 class='mb-4 ml-0 font-weight-boldest text-break wp-block-js-block-heading' style='text-align: left;color: #000000;font-size:40px;'>Automatisieren Sie Produktrezensionsanfragen<\/h1>\n\n\n<p class=\"has-text-align-left mb-6 line-height-1_4\" style=\"font-size:24px\">Sichern Sie sich mehr Produktrezensionen und einen h\u00f6heren Umsatz f\u00fcr Ihr Unternehmen.<\/p>\n\n\n<a style='max-width: 200px;' target='_self' class='js-btn mb-6 js-btn-orange-gradient  d-block' href='\/de\/pricing'>Erste Schritte<\/a>\n<\/div>\n\n<div class='wp-block-js-block-layout-column col-12 col-sm-12 col-md-7 col-lg-5 col-xl-5' style='text-align: left'>\n<figure class=\"wp-block-image size-large no-lazy\"><img decoding=\"async\" width=\"1024\" height=\"614\" src=\"https:\/\/www.junglescout.com\/wp-content\/uploads\/2021\/02\/german-localization_review-automation_hero@2x-1024x614.png\" alt=\"\" class=\"wp-image-82135 no-lazy\" srcset=\"https:\/\/www.junglescout.com\/wp-content\/uploads\/2021\/02\/german-localization_review-automation_hero@2x-1024x614.png 1024w, https:\/\/www.junglescout.com\/wp-content\/uploads\/2021\/02\/german-localization_review-automation_hero@2x-300x180.png 300w, https:\/\/www.junglescout.com\/wp-content\/uploads\/2021\/02\/german-localization_review-automation_hero@2x.png 1137w\" sizes=\"(max-width: 1024px) 100vw, 1024px\" \/><\/figure>\n\n<\/div>\n<\/div>\n      <\/section>\n    \n  <\/div>\n\n  \n\n      <section class=\"my-6 container\" >\n        \n<div class='justify-content-center row'>\n<div class='wp-block-js-block-layout-column col-12 col-sm-12 col-md-10 col-lg-8 col-xl-8' style='text-align: left'>\n<h2 class='mt-0 mb-4 font-weight-boldest text-break wp-block-js-block-heading' style='text-align: center'>Was ist die Rezensionsautomatisierung?<\/h2>\n\n\n<p class=\"has-text-align-center\">Die Rezensionsautomatisierung ist eine erstklassige L\u00f6sung, die den Rezensionsprozess von Seller Central f\u00fcr Jungle Scout-Benutzer vollst\u00e4ndig automatisiert.<\/p>\n\n<\/div>\n<\/div>\n      <\/section>\n    \n\n      <section class=\"py-0 mb-0 container\" >\n        \n<div class='py-12 mb-md-12 justify-content-between align-items-center row'>\n<div class='order-2 order-md-1 wp-block-js-block-layout-column col-12 col-sm-12 col-md-6 col-lg-5 col-xl-5' style='text-align: left'>\n  <div     >\n    \n<h3 class='wp-block-js-block-heading' style='text-align: left'>Erhalten Sie schneller Produktrezensionen<\/h3>\n\n\n<p class=\"has-text-align-left\">Investieren Sie die so gewonnene Zeit wieder in Ihr Unternehmen. Die Rezensionsautomatisierung sendet Rezensionsanfragen automatisch Rezensionsanfragen an alle in Frage kommenden Bestellungen, um Ihnen die Arbeit abzunehmen.<\/p>\n\n  <\/div>\n\n  \n<\/div>\n\n<div class='order-1 order-md-2 mb-4 mb-md-0 wp-block-js-block-layout-column col-12 col-sm-12 col-md-6 col-lg-6 col-xl-6' style='text-align: left'>\n\n<figure class=\"wp-block-image size-large is-resized\"><img loading=\"lazy\" decoding=\"async\" src=\"https:\/\/www.junglescout.com\/wp-content\/uploads\/2021\/02\/german-localization_set-and-forget-graphic@2x-1024x484.png\" alt=\"\" class=\"wp-image-82149\" width=\"512\" height=\"242\" srcset=\"https:\/\/www.junglescout.com\/wp-content\/uploads\/2021\/02\/german-localization_set-and-forget-graphic@2x-1024x484.png 1024w, https:\/\/www.junglescout.com\/wp-content\/uploads\/2021\/02\/german-localization_set-and-forget-graphic@2x-300x142.png 300w, https:\/\/www.junglescout.com\/wp-content\/uploads\/2021\/02\/german-localization_set-and-forget-graphic@2x.png 1152w\" sizes=\"(max-width: 512px) 100vw, 512px\" \/><\/figure>\n\n<\/div>\n<\/div>\n\n<div class='py-12 mb-md-12 justify-content-around align-items-center row'>\n<div class='mb-4 mb-md-0 wp-block-js-block-layout-column col-12 col-sm-12 col-md-6 col-lg-6 col-xl-6' style='text-align: left'>\n\n<figure class=\"wp-block-image size-large is-resized\"><img loading=\"lazy\" decoding=\"async\" src=\"https:\/\/www.junglescout.com\/wp-content\/uploads\/2021\/02\/german-localization_view-order-review-request_graphic@2x-1024x659.png\" alt=\"\" class=\"wp-image-82156\" width=\"512\" height=\"330\" srcset=\"https:\/\/www.junglescout.com\/wp-content\/uploads\/2021\/02\/german-localization_view-order-review-request_graphic@2x-1024x659.png 1024w, https:\/\/www.junglescout.com\/wp-content\/uploads\/2021\/02\/german-localization_view-order-review-request_graphic@2x-300x193.png 300w, https:\/\/www.junglescout.com\/wp-content\/uploads\/2021\/02\/german-localization_view-order-review-request_graphic@2x.png 1156w\" sizes=\"(max-width: 512px) 100vw, 512px\" \/><\/figure>\n\n<\/div>\n\n<div class='wp-block-js-block-layout-column col-12 col-sm-12 col-md-6 col-lg-5 col-xl-5' style='text-align: left'>\n  <div     >\n    \n<h3 class='wp-block-js-block-heading' style='text-align: left'>Sehen Sie sich Bestell- und Rezensionsstatus an<\/h3>\n\n\n<p class=\"has-text-align-left\">Beobachten Sie den Bestellstatus und die Rezensionsanfragen. Sehen Sie sich Ihre Bestellungen in einer organisierten Tabellenansicht an und identifizieren Sie Trends mithilfe eines Diagramm der gesendeten Rezensionsanfragen in einem bestimmten Zeitraum.<\/p>\n\n  <\/div>\n\n  \n<\/div>\n<\/div>\n\n<div class='py-12 mb-md-12 justify-content-between align-items-center row'>\n<div class='order-2 order-md-1 wp-block-js-block-layout-column col-12 col-sm-12 col-md-6 col-lg-5 col-xl-5' style='text-align: left'>\n  <div   class=\"pr-md-4\"  >\n    \n<h3 class='wp-block-js-block-heading' style='text-align: left'>Sehen Sie sich Ihre Zeitersparnis an<\/h3>\n\n\n<p class=\"has-text-align-left\">Sehen Sie, wie viele Stunden Sie durch die Automatisierung der Anfragen eingespart haben, und konzentrieren Sie sich weiterhin auf das, was wichtig ist: umsatzsteigernde Aktivit\u00e4ten.<\/p>\n\n  <\/div>\n\n  \n<\/div>\n\n<div class='order-1 order-md-2 mb-4 mb-md-0 wp-block-js-block-layout-column col-12 col-sm-12 col-md-6 col-lg-6 col-xl-6' style='text-align: left'>\n\n<figure class=\"wp-block-image size-large is-resized\"><img loading=\"lazy\" decoding=\"async\" src=\"https:\/\/www.junglescout.com\/wp-content\/uploads\/2021\/02\/german-localization_see-time-saved_graphic@2x-1024x636.png\" alt=\"\" class=\"wp-image-82142\" width=\"512\" height=\"318\" srcset=\"https:\/\/www.junglescout.com\/wp-content\/uploads\/2021\/02\/german-localization_see-time-saved_graphic@2x-1024x636.png 1024w, https:\/\/www.junglescout.com\/wp-content\/uploads\/2021\/02\/german-localization_see-time-saved_graphic@2x-300x186.png 300w, https:\/\/www.junglescout.com\/wp-content\/uploads\/2021\/02\/german-localization_see-time-saved_graphic@2x.png 1142w\" sizes=\"(max-width: 512px) 100vw, 512px\" \/><\/figure>\n\n<\/div>\n<\/div>\n      <\/section>\n    \n\n  <div   class=\"py-4\"  style=\"background-image: url(https:\/\/www.junglescout.com\/wp-content\/uploads\/2020\/09\/Rectangle-3@2x.png);;background-position: center center;background-size: cover;background-repeat: no-repeat\">\n    \n      <section class=\"py-20 mb-0 container\" >\n        \n<div class='row'>\n<div class='py-2 wp-block-js-block-layout-column col-12 col-sm-12 col-md-12 col-lg-12 col-xl-12' style='text-align: center'>\n<h2 class='text-white text-center mb-6 wp-block-js-block-heading' style='text-align: center'>Erhalten Sie mehr Rezensionen mit Jungle Scout<\/h2>\n\n\n<p class=\"has-text-align-center mb-12 text-white text-center\">Jungle Scout bietet eine 14-t\u00e4gige Geld-zur\u00fcck-Garantie.<\/p>\n\n\n<a style='max-width: 270px; width: 100%;' target='_self' class='js-btn js-btn-orange-gradient' href='https:\/\/www.junglescout.com\/de\/pricing\/'>Registrieren<\/a>\n<\/div>\n<\/div>\n      <\/section>\n    \n  <\/div>\n\n  ","protected":false},"excerpt":{"rendered":"","protected":false},"author":64,"featured_media":0,"parent":14020,"menu_order":0,"comment_status":"closed","ping_status":"closed","template":"template-blank-5.blade.php","meta":{"_acf_changed":false,"om_disable_all_campaigns":false,"footnotes":""},"customer-segment":[],"content-type":[],"topic":[],"feature":[],"product":[],"seller-activity-pain-point":[],"persona":[],"customer-type":[],"data":[],"other-tag":[],"business-model":[],"platform":[],"acf":[],"yoast_head":"<!-- This site is optimized with the Yoast SEO Premium plugin v22.9 (Yoast SEO v24.5) - https:\/\/yoast.com\/wordpress\/plugins\/seo\/ -->\n<title>Amazon Rezensionsautomatisierung f\u00fcr Seller Central \u2013 Sichern Sie sich mehr Verk\u00e4ufer - Jungle Scout<\/title>\n<meta name=\"robots\" content=\"index, follow, max-snippet:-1, max-image-preview:large, max-video-preview:-1\" \/>\n<link rel=\"canonical\" href=\"https:\/\/www.junglescout.com\/de\/features\/review-automation\/\" \/>\n<meta property=\"og:locale\" content=\"de_DE\" \/>\n<meta property=\"og:type\" content=\"article\" \/>\n<meta property=\"og:title\" content=\"Amazon Rezensionsautomatisierung f\u00fcr Seller Central \u2013 Sichern Sie sich mehr Verk\u00e4ufer - Jungle Scout\" \/>\n<meta property=\"og:url\" content=\"https:\/\/www.junglescout.com\/de\/features\/review-automation\/\" \/>\n<meta property=\"og:site_name\" content=\"Jungle Scout\" \/>\n<meta property=\"article:modified_time\" content=\"2021-03-31T19:52:19+00:00\" \/>\n<meta property=\"og:image\" content=\"https:\/\/www.junglescout.com\/wp-content\/uploads\/2021\/02\/German-Localization-Review-Automation.jpg\" \/>\n\t<meta property=\"og:image:width\" content=\"1200\" \/>\n\t<meta property=\"og:image:height\" content=\"628\" \/>\n\t<meta property=\"og:image:type\" content=\"image\/jpeg\" \/>\n<meta name=\"twitter:card\" content=\"summary_large_image\" \/>\n<meta name=\"twitter:image\" content=\"https:\/\/www.junglescout.com\/wp-content\/uploads\/2021\/02\/German-Localization-Review-Automation.jpg\" \/>\n<meta name=\"twitter:label1\" content=\"Est. reading time\" \/>\n\t<meta name=\"twitter:data1\" content=\"2 minutes\" \/>\n<script type=\"application\/ld+json\" class=\"yoast-schema-graph\">{\"@context\":\"https:\/\/schema.org\",\"@graph\":[{\"@type\":\"WebPage\",\"@id\":\"https:\/\/www.junglescout.com\/de\/features\/review-automation\/\",\"url\":\"https:\/\/www.junglescout.com\/de\/features\/review-automation\/\",\"name\":\"Amazon Rezensionsautomatisierung f\u00fcr Seller Central \u2013 Sichern Sie sich mehr Verk\u00e4ufer - Jungle Scout\",\"isPartOf\":{\"@id\":\"https:\/\/www.junglescout.com\/de\/#website\"},\"primaryImageOfPage\":{\"@id\":\"https:\/\/www.junglescout.com\/de\/features\/review-automation\/#primaryimage\"},\"image\":{\"@id\":\"https:\/\/www.junglescout.com\/de\/features\/review-automation\/#primaryimage\"},\"thumbnailUrl\":\"https:\/\/www.junglescout.com\/wp-content\/uploads\/2020\/09\/review-automation@2x.png\",\"datePublished\":\"2020-09-29T18:55:24+00:00\",\"dateModified\":\"2021-03-31T19:52:19+00:00\",\"breadcrumb\":{\"@id\":\"https:\/\/www.junglescout.com\/de\/features\/review-automation\/#breadcrumb\"},\"inLanguage\":\"de-DE\",\"potentialAction\":[{\"@type\":\"ReadAction\",\"target\":[\"https:\/\/www.junglescout.com\/de\/features\/review-automation\/\"]}]},{\"@type\":\"ImageObject\",\"inLanguage\":\"de-DE\",\"@id\":\"https:\/\/www.junglescout.com\/de\/features\/review-automation\/#primaryimage\",\"url\":\"https:\/\/www.junglescout.com\/wp-content\/uploads\/2020\/09\/review-automation@2x.png\",\"contentUrl\":\"https:\/\/www.junglescout.com\/wp-content\/uploads\/2020\/09\/review-automation@2x.png\"},{\"@type\":\"BreadcrumbList\",\"@id\":\"https:\/\/www.junglescout.com\/de\/features\/review-automation\/#breadcrumb\",\"itemListElement\":[{\"@type\":\"ListItem\",\"position\":1,\"name\":\"features\",\"item\":\"https:\/\/www.junglescout.com\/de\/features\/\"},{\"@type\":\"ListItem\",\"position\":2,\"name\":\"Amazon Rezensionsautomatisierung f\u00fcr Seller Central \u2013 Sichern Sie sich mehr Verk\u00e4ufer\"}]},{\"@type\":\"WebSite\",\"@id\":\"https:\/\/www.junglescout.com\/de\/#website\",\"url\":\"https:\/\/www.junglescout.com\/de\/\",\"name\":\"Jungle Scout\",\"description\":\"Amazon Data for Brands, Retailers &amp; Financial Services\",\"publisher\":{\"@id\":\"https:\/\/www.junglescout.com\/de\/#organization\"},\"potentialAction\":[{\"@type\":\"SearchAction\",\"target\":{\"@type\":\"EntryPoint\",\"urlTemplate\":\"https:\/\/www.junglescout.com\/de\/?s={search_term_string}\"},\"query-input\":{\"@type\":\"PropertyValueSpecification\",\"valueRequired\":true,\"valueName\":\"search_term_string\"}}],\"inLanguage\":\"de-DE\"},{\"@type\":\"Organization\",\"@id\":\"https:\/\/www.junglescout.com\/de\/#organization\",\"name\":\"Jungle Scout\",\"url\":\"https:\/\/www.junglescout.com\/de\/\",\"logo\":{\"@type\":\"ImageObject\",\"inLanguage\":\"de-DE\",\"@id\":\"https:\/\/www.junglescout.com\/de\/#\/schema\/logo\/image\/\",\"url\":\"https:\/\/www.junglescout.com\/wp-content\/uploads\/2025\/03\/Jungle-Scout-Branding-Wordmark.svg\",\"contentUrl\":\"https:\/\/www.junglescout.com\/wp-content\/uploads\/2025\/03\/Jungle-Scout-Branding-Wordmark.svg\",\"width\":150,\"height\":23,\"caption\":\"Jungle Scout\"},\"image\":{\"@id\":\"https:\/\/www.junglescout.com\/de\/#\/schema\/logo\/image\/\"}}]}<\/script>\n<!-- \/ Yoast SEO Premium plugin. -->","yoast_head_json":{"title":"Amazon Rezensionsautomatisierung f\u00fcr Seller Central \u2013 Sichern Sie sich mehr Verk\u00e4ufer - Jungle Scout","robots":{"index":"index","follow":"follow","max-snippet":"max-snippet:-1","max-image-preview":"max-image-preview:large","max-video-preview":"max-video-preview:-1"},"canonical":"https:\/\/www.junglescout.com\/de\/features\/review-automation\/","og_locale":"de_DE","og_type":"article","og_title":"Amazon Rezensionsautomatisierung f\u00fcr Seller Central \u2013 Sichern Sie sich mehr Verk\u00e4ufer - Jungle Scout","og_url":"https:\/\/www.junglescout.com\/de\/features\/review-automation\/","og_site_name":"Jungle Scout","article_modified_time":"2021-03-31T19:52:19+00:00","og_image":[{"width":1200,"height":628,"url":"https:\/\/www.junglescout.com\/wp-content\/uploads\/2021\/02\/German-Localization-Review-Automation.jpg","type":"image\/jpeg"}],"twitter_card":"summary_large_image","twitter_image":"https:\/\/www.junglescout.com\/wp-content\/uploads\/2021\/02\/German-Localization-Review-Automation.jpg","twitter_misc":{"Est. reading time":"2 minutes"},"schema":{"@context":"https:\/\/schema.org","@graph":[{"@type":"WebPage","@id":"https:\/\/www.junglescout.com\/de\/features\/review-automation\/","url":"https:\/\/www.junglescout.com\/de\/features\/review-automation\/","name":"Amazon Rezensionsautomatisierung f\u00fcr Seller Central \u2013 Sichern Sie sich mehr Verk\u00e4ufer - Jungle Scout","isPartOf":{"@id":"https:\/\/www.junglescout.com\/de\/#website"},"primaryImageOfPage":{"@id":"https:\/\/www.junglescout.com\/de\/features\/review-automation\/#primaryimage"},"image":{"@id":"https:\/\/www.junglescout.com\/de\/features\/review-automation\/#primaryimage"},"thumbnailUrl":"https:\/\/www.junglescout.com\/wp-content\/uploads\/2020\/09\/review-automation@2x.png","datePublished":"2020-09-29T18:55:24+00:00","dateModified":"2021-03-31T19:52:19+00:00","breadcrumb":{"@id":"https:\/\/www.junglescout.com\/de\/features\/review-automation\/#breadcrumb"},"inLanguage":"de-DE","potentialAction":[{"@type":"ReadAction","target":["https:\/\/www.junglescout.com\/de\/features\/review-automation\/"]}]},{"@type":"ImageObject","inLanguage":"de-DE","@id":"https:\/\/www.junglescout.com\/de\/features\/review-automation\/#primaryimage","url":"https:\/\/www.junglescout.com\/wp-content\/uploads\/2020\/09\/review-automation@2x.png","contentUrl":"https:\/\/www.junglescout.com\/wp-content\/uploads\/2020\/09\/review-automation@2x.png"},{"@type":"BreadcrumbList","@id":"https:\/\/www.junglescout.com\/de\/features\/review-automation\/#breadcrumb","itemListElement":[{"@type":"ListItem","position":1,"name":"features","item":"https:\/\/www.junglescout.com\/de\/features\/"},{"@type":"ListItem","position":2,"name":"Amazon Rezensionsautomatisierung f\u00fcr Seller Central \u2013 Sichern Sie sich mehr Verk\u00e4ufer"}]},{"@type":"WebSite","@id":"https:\/\/www.junglescout.com\/de\/#website","url":"https:\/\/www.junglescout.com\/de\/","name":"Jungle Scout","description":"Amazon Data for Brands, Retailers &amp; Financial Services","publisher":{"@id":"https:\/\/www.junglescout.com\/de\/#organization"},"potentialAction":[{"@type":"SearchAction","target":{"@type":"EntryPoint","urlTemplate":"https:\/\/www.junglescout.com\/de\/?s={search_term_string}"},"query-input":{"@type":"PropertyValueSpecification","valueRequired":true,"valueName":"search_term_string"}}],"inLanguage":"de-DE"},{"@type":"Organization","@id":"https:\/\/www.junglescout.com\/de\/#organization","name":"Jungle Scout","url":"https:\/\/www.junglescout.com\/de\/","logo":{"@type":"ImageObject","inLanguage":"de-DE","@id":"https:\/\/www.junglescout.com\/de\/#\/schema\/logo\/image\/","url":"https:\/\/www.junglescout.com\/wp-content\/uploads\/2025\/03\/Jungle-Scout-Branding-Wordmark.svg","contentUrl":"https:\/\/www.junglescout.com\/wp-content\/uploads\/2025\/03\/Jungle-Scout-Branding-Wordmark.svg","width":150,"height":23,"caption":"Jungle Scout"},"image":{"@id":"https:\/\/www.junglescout.com\/de\/#\/schema\/logo\/image\/"}}]}},"_links":{"self":[{"href":"https:\/\/www.junglescout.com\/de\/wp-json\/wp\/v2\/pages\/82126"}],"collection":[{"href":"https:\/\/www.junglescout.com\/de\/wp-json\/wp\/v2\/pages"}],"about":[{"href":"https:\/\/www.junglescout.com\/de\/wp-json\/wp\/v2\/types\/page"}],"author":[{"embeddable":true,"href":"https:\/\/www.junglescout.com\/de\/wp-json\/wp\/v2\/users\/64"}],"replies":[{"embeddable":true,"href":"https:\/\/www.junglescout.com\/de\/wp-json\/wp\/v2\/comments?post=82126"}],"version-history":[{"count":0,"href":"https:\/\/www.junglescout.com\/de\/wp-json\/wp\/v2\/pages\/82126\/revisions"}],"up":[{"embeddable":true,"href":"https:\/\/www.junglescout.com\/de\/wp-json\/wp\/v2\/pages\/14020"}],"wp:attachment":[{"href":"https:\/\/www.junglescout.com\/de\/wp-json\/wp\/v2\/media?parent=82126"}],"wp:term":[{"taxonomy":"customer-segment","embeddable":true,"href":"https:\/\/www.junglescout.com\/de\/wp-json\/wp\/v2\/customer-segment?post=82126"},{"taxonomy":"content-type","embeddable":true,"href":"https:\/\/www.junglescout.com\/de\/wp-json\/wp\/v2\/content-type?post=82126"},{"taxonomy":"topic","embeddable":true,"href":"https:\/\/www.junglescout.com\/de\/wp-json\/wp\/v2\/topic?post=82126"},{"taxonomy":"feature","embeddable":true,"href":"https:\/\/www.junglescout.com\/de\/wp-json\/wp\/v2\/feature?post=82126"},{"taxonomy":"product","embeddable":true,"href":"https:\/\/www.junglescout.com\/de\/wp-json\/wp\/v2\/product?post=82126"},{"taxonomy":"seller-activity-pain-point","embeddable":true,"href":"https:\/\/www.junglescout.com\/de\/wp-json\/wp\/v2\/seller-activity-pain-point?post=82126"},{"taxonomy":"persona","embeddable":true,"href":"https:\/\/www.junglescout.com\/de\/wp-json\/wp\/v2\/persona?post=82126"},{"taxonomy":"customer-type","embeddable":true,"href":"https:\/\/www.junglescout.com\/de\/wp-json\/wp\/v2\/customer-type?post=82126"},{"taxonomy":"data","embeddable":true,"href":"https:\/\/www.junglescout.com\/de\/wp-json\/wp\/v2\/data?post=82126"},{"taxonomy":"other-tag","embeddable":true,"href":"https:\/\/www.junglescout.com\/de\/wp-json\/wp\/v2\/other-tag?post=82126"},{"taxonomy":"business-model","embeddable":true,"href":"https:\/\/www.junglescout.com\/de\/wp-json\/wp\/v2\/business-model?post=82126"},{"taxonomy":"platform","embeddable":true,"href":"https:\/\/www.junglescout.com\/de\/wp-json\/wp\/v2\/platform?post=82126"}],"curies":[{"name":"wp","href":"https:\/\/api.w.org\/{rel}","templated":true}]}}