{"id":82762,"date":"2019-07-10T02:01:01","date_gmt":"2019-07-10T02:01:01","guid":{"rendered":"https:\/\/www.junglescout.com\/product-database\/"},"modified":"2021-03-31T14:52:10","modified_gmt":"2021-03-31T19:52:10","slug":"product-database","status":"publish","type":"page","link":"https:\/\/www.junglescout.com\/de\/features\/product-database\/","title":{"rendered":"Amazon-Produktdatenbank \u2013 Finden Sie rentable Produkte zum Verkaufen"},"content":{"rendered":"<style type=\"text\/css\">          .background-11 {\n        background-image: url('https:\/\/www.junglescout.com\/wp-content\/uploads\/2019\/07\/group-7.png');\n        background-size: cover;        background-position: center center;        background-repeat: no-repeat;                }\n      <\/style>  <div   class=\"background-11 py-6\"  >\n    \n      <section class=\"container\" >\n        \n<div class='justify-content-center align-items-center row'>\n<div class='wp-block-js-block-layout-column col-12 col-sm-12 col-md-6 col-lg-6 col-xl-6' style='text-align: left'>\n  <div   class=\"d-flex\"  >\n    \n\n<span class=\"badge badge-white text-primary text-uppercase font-size-12\"> \n<img loading=\"lazy\" decoding=\"async\" src=\"https:\/\/www.junglescout.com\/wp-content\/uploads\/2020\/07\/product-database@2x.png\" alt=\"\" class=\"wp-image-23961 mr-1 mb-1\" width=\"12\" height=\"12\">Produktdatenbank<\/span>\n\n  <\/div>\n\n  \n\n<h1 class='mt-6 wp-block-js-block-heading' style='text-align: left'>Suchen Sie nach Produktideen<\/h1>\n\n\n<p style=\"font-size:18px\">Entdecken Sie mit unseren fortschrittlichen Filtern rentable Chancen auf Amazon.<\/p>\n\n\n<a style='max-width: 270px; width: 100%;' target='_self' class='js-btn js-btn-orange' href='https:\/\/www.junglescout.com\/de\/pricing\/'>Erste Schritte<\/a>\n<\/div>\n\n<div class='wp-block-js-block-layout-column col-12 col-sm-12 col-md-6 col-lg-6 col-xl-6' style='text-align: center'>\n<div class=\"wp-block-image no-lazy mt-12 mt-md-0\"><figure class=\"aligncenter size-large\"><img decoding=\"async\" width=\"1024\" height=\"613\" src=\"https:\/\/www.junglescout.com\/wp-content\/uploads\/2021\/02\/german_img_product-databse_hero_de-1024x613.png\" alt=\"\" class=\"wp-image-82778 no-lazy\" srcset=\"https:\/\/www.junglescout.com\/wp-content\/uploads\/2021\/02\/german_img_product-databse_hero_de-1024x613.png 1024w, https:\/\/www.junglescout.com\/wp-content\/uploads\/2021\/02\/german_img_product-databse_hero_de-300x179.png 300w, https:\/\/www.junglescout.com\/wp-content\/uploads\/2021\/02\/german_img_product-databse_hero_de.png 1140w\" sizes=\"(max-width: 1024px) 100vw, 1024px\" \/><\/figure><\/div>\n\n\n\n<p><\/p>\n\n<\/div>\n<\/div>\n      <\/section>\n    \n  <\/div>\n\n  \n\n      <section class=\"mt-12 container\" >\n        \n<div class='justify-content-center text-center row'>\n<div class='wp-block-js-block-layout-column col-12 col-sm-12 col-md-11 col-lg-7 col-xl-7' style='text-align: left'>\n<h2 class='wp-block-js-block-heading' style='text-align: center'>Was ist die Produktdatenbank?<\/h2>\n\n\n<p class=\"has-text-align-center has-normal-font-size\">Die Produktdatenbank ist ein durchsuchbarer Katalog mit \u00fcber 500 Millionen Produkten, die direkt aus Amazon abgerufen werden.<\/p>\n\n<\/div>\n<\/div>\n      <\/section>\n    \n\n      <section class=\"mb-0 pt-0 container\" >\n        \n<div class='py-12 mb-md-12  justify-content-around align-items-center row'>\n<div class='order-2 order-md-1 wp-block-js-block-layout-column col-12 col-sm-12 col-md-6 col-lg-6 col-xl-6' style='text-align: left'>\n<h3 class='wp-block-js-block-heading' style='text-align: left'>Finden Sie Produktideen<\/h3>\n\n\n<p>Entwickeln Sie Ideen und entdecken Sie Produkte, die Ihren spezifischen Suchkriterien entsprechen. Sortieren Sie nach Kategorien, gesch\u00e4tztem Umsatz, Verkaufsrang, Einnahmen u. v. m.<\/p>\n\n<\/div>\n\n<div class='order-1 order-md-2 wp-block-js-block-layout-column col-12 col-sm-12 col-md-6 col-lg-5 col-xl-5' style='text-align: left'>\n\n<figure class=\"wp-block-image size-large is-resized\"><img loading=\"lazy\" decoding=\"async\" src=\"https:\/\/www.junglescout.com\/wp-content\/uploads\/2021\/02\/german_img_product-database_find-product-ideas_de-1024x646.png\" alt=\"\" class=\"wp-image-82792\" width=\"512\" height=\"323\" srcset=\"https:\/\/www.junglescout.com\/wp-content\/uploads\/2021\/02\/german_img_product-database_find-product-ideas_de-1024x646.png 1024w, https:\/\/www.junglescout.com\/wp-content\/uploads\/2021\/02\/german_img_product-database_find-product-ideas_de-300x189.png 300w, https:\/\/www.junglescout.com\/wp-content\/uploads\/2021\/02\/german_img_product-database_find-product-ideas_de.png 1145w\" sizes=\"(max-width: 512px) 100vw, 512px\" \/><\/figure>\n\n<\/div>\n<\/div>\n\n<div class='py-12 mb-md-12  justify-content-around align-items-center row'>\n<div class='order-2 wp-block-js-block-layout-column col-12 col-sm-12 col-md-6 col-lg-6 col-xl-6' style='text-align: left'>\n<h3 class='mt-0 wp-block-js-block-heading' style='text-align: left'>Entdecken Sie Ideen mit Verkaufspotenzial<\/h3>\n\n\n<p>Die Produktdatenbank zeigt Ihnen vielversprechende Gelegenheiten, wie beispielsweise Produkte mit hoher Nachfrage und geringem Wettbewerb oder Produkte mit Angeboten, die ihr Potenzial nicht aussch\u00f6pfen.<\/p>\n\n<\/div>\n\n<div class='order-1 wp-block-js-block-layout-column col-12 col-sm-12 col-md-6 col-lg-5 col-xl-5' style='text-align: left'>\n\n<figure class=\"wp-block-image size-large is-resized\"><img loading=\"lazy\" decoding=\"async\" src=\"https:\/\/www.junglescout.com\/wp-content\/uploads\/2021\/02\/german_img-product-database_uncover-potential_de-1024x640.png\" alt=\"\" class=\"wp-image-82771\" width=\"512\" height=\"320\" srcset=\"https:\/\/www.junglescout.com\/wp-content\/uploads\/2021\/02\/german_img-product-database_uncover-potential_de-1024x640.png 1024w, https:\/\/www.junglescout.com\/wp-content\/uploads\/2021\/02\/german_img-product-database_uncover-potential_de-300x187.png 300w, https:\/\/www.junglescout.com\/wp-content\/uploads\/2021\/02\/german_img-product-database_uncover-potential_de.png 1164w\" sizes=\"(max-width: 512px) 100vw, 512px\" \/><\/figure>\n\n<\/div>\n<\/div>\n\n<div class='py-12 mb-md-12  justify-content-around align-items-center row'>\n<div class='order-2 wp-block-js-block-layout-column col-12 col-sm-12 col-md-6 col-lg-6 col-xl-6' style='text-align: left'>\n<h3 class='mt-0 wp-block-js-block-heading' style='text-align: left'>Verfolgen Sie die Kosten<\/h3>\n\n\n<p>Verfolgen Sie Gemeinkosten und Amazon-Verk\u00e4ufergeb\u00fchren mit unserem FBA-Gewinnrechner. Ber\u00fccksichtigen Sie diese Berechnungen bei Ihrer Entscheidung zur Auswahl eines Produkts.<\/p>\n\n<\/div>\n\n<div class='order-1 order-md-2 wp-block-js-block-layout-column col-12 col-sm-12 col-md-6 col-lg-5 col-xl-5' style='text-align: left'>\n\n<figure class=\"wp-block-image size-large is-resized\"><img loading=\"lazy\" decoding=\"async\" src=\"https:\/\/www.junglescout.com\/wp-content\/uploads\/2021\/02\/german_img_product-database_profit-calc_de-1024x678.png\" alt=\"\" class=\"wp-image-82785\" width=\"512\" height=\"339\" srcset=\"https:\/\/www.junglescout.com\/wp-content\/uploads\/2021\/02\/german_img_product-database_profit-calc_de-1024x678.png 1024w, https:\/\/www.junglescout.com\/wp-content\/uploads\/2021\/02\/german_img_product-database_profit-calc_de-300x199.png 300w, https:\/\/www.junglescout.com\/wp-content\/uploads\/2021\/02\/german_img_product-database_profit-calc_de.png 1141w\" sizes=\"(max-width: 512px) 100vw, 512px\" \/><\/figure>\n\n<\/div>\n<\/div>\n      <\/section>\n    \n\n      <section class=\"container\" id=\"js-sec-doallwith\"  style=\";border-top: solid 1px #c6ced1; padding-top: 100px;  padding-bottom: 100px;\">\n        \n<div class='container'><div class='row'>\n<div class='wp-block-js-block-layout-column col-12 col-sm-12 col-md-12 col-lg-12 col-xl-12' style='text-align: left'>\n<h2 class='wp-block-js-block-heading' style='text-align: center;padding-bottom: 80px;'>Jungle Scout bietet all dies und noch viel mehr<\/h2>\n<\/div>\n<\/div><\/div>\n\n<div class='container'><div class='row'>\n<div class='mb-12 wp-block-js-block-layout-column col-12 col-sm-12 col-md-4 col-lg-4 col-xl-4' style='text-align: center'>\n\n<div class=\"wp-block-image\"><figure class=\"aligncenter is-resized\"><img loading=\"lazy\" decoding=\"async\" src=\"https:\/\/www.junglescout.com\/wp-content\/uploads\/2019\/07\/icon-filter-copy@2x.png\" alt=\"\" class=\"wp-image-17479\" width=\"34\" height=\"50\" srcset=\"https:\/\/www.junglescout.com\/wp-content\/uploads\/2019\/07\/icon-filter-copy@2x.png 68w, https:\/\/www.junglescout.com\/wp-content\/uploads\/2019\/07\/icon-filter-copy@2x-20x30.png 20w\" sizes=\"(max-width: 34px) 100vw, 34px\" \/><\/figure><\/div>\n\n\n<h5 class='wp-block-js-block-heading' style='text-align: center'>Speichern Sie Filtervoreinstellungen<\/h5>\n\n\n<p>Erstellen und speichern Sie so viele benutzerdefinierte Filtervoreinstellungen, wie Sie ben\u00f6tigen.<\/p>\n\n<\/div>\n\n<div class='mb-12 wp-block-js-block-layout-column col-12 col-sm-12 col-md-4 col-lg-4 col-xl-4' style='text-align: center'>\n\n<div class=\"wp-block-image\"><figure class=\"aligncenter is-resized\"><img loading=\"lazy\" decoding=\"async\" src=\"https:\/\/www.junglescout.com\/wp-content\/uploads\/2019\/07\/group-9@2x.png\" alt=\"\" class=\"wp-image-17481\" width=\"49\" height=\"50\" srcset=\"https:\/\/www.junglescout.com\/wp-content\/uploads\/2019\/07\/group-9@2x.png 98w, https:\/\/www.junglescout.com\/wp-content\/uploads\/2019\/07\/group-9@2x-30x30.png 30w\" sizes=\"(max-width: 49px) 100vw, 49px\" \/><\/figure><\/div>\n\n\n<h5 class='wp-block-js-block-heading' style='text-align: center'>Synchronisieren Sie mit dem Produkt-Tracker<\/h5>\n\n\n<p>F\u00fcgen Sie dem Produkt-Tracker automatisch gruppierte Produkte hinzu.<\/p>\n\n<\/div>\n\n<div class='mb-12 wp-block-js-block-layout-column col-12 col-sm-12 col-md-4 col-lg-4 col-xl-4' style='text-align: center'>\n\n<div class=\"wp-block-image\"><figure class=\"aligncenter is-resized\"><img loading=\"lazy\" decoding=\"async\" src=\"https:\/\/www.junglescout.com\/wp-content\/uploads\/2019\/07\/group-3@2x.png\" alt=\"\" class=\"wp-image-17482\" width=\"40\" height=\"50\" srcset=\"https:\/\/www.junglescout.com\/wp-content\/uploads\/2019\/07\/group-3@2x.png 80w, https:\/\/www.junglescout.com\/wp-content\/uploads\/2019\/07\/group-3@2x-24x30.png 24w\" sizes=\"(max-width: 40px) 100vw, 40px\" \/><\/figure><\/div>\n\n\n<h5 class='wp-block-js-block-heading' style='text-align: center'>Exportieren Sie die Ergebnisse im .CSV-Format<\/h5>\n\n\n<p>Exportieren Sie Ihre Suchergebnisse als Tabelle.<\/p>\n\n<\/div>\n<\/div><\/div>\n\n<div class='container'><div class='row'>\n<div class='mb-12 wp-block-js-block-layout-column col-12 col-sm-12 col-md-4 col-lg-4 col-xl-4' style='text-align: center'>\n\n<div class=\"wp-block-image\"><figure class=\"aligncenter is-resized\"><img loading=\"lazy\" decoding=\"async\" src=\"https:\/\/www.junglescout.com\/wp-content\/uploads\/2019\/07\/group-6@2x.png\" alt=\"\" class=\"wp-image-17483\" width=\"50\" height=\"50\" srcset=\"https:\/\/www.junglescout.com\/wp-content\/uploads\/2019\/07\/group-6@2x.png 100w, https:\/\/www.junglescout.com\/wp-content\/uploads\/2019\/07\/group-6@2x-30x30.png 30w\" sizes=\"(max-width: 50px) 100vw, 50px\" \/><\/figure><\/div>\n\n\n<h5 class='wp-block-js-block-heading' style='text-align: center'>Durchsuchen Sie globale Marktpl\u00e4tze<\/h5>\n\n\n<p>Suchen Sie m\u00fchelos nach Produkten auf anderen Amazon-Marktpl\u00e4tzen.<\/p>\n\n<\/div>\n\n<div class='mb-12 wp-block-js-block-layout-column col-12 col-sm-12 col-md-4 col-lg-4 col-xl-4' style='text-align: center'>\n\n<div class=\"wp-block-image\"><figure class=\"aligncenter is-resized\"><img loading=\"lazy\" decoding=\"async\" src=\"https:\/\/www.junglescout.com\/wp-content\/uploads\/2019\/07\/group-5@2x.png\" alt=\"\" class=\"wp-image-17484\" width=\"61\" height=\"50\" srcset=\"https:\/\/www.junglescout.com\/wp-content\/uploads\/2019\/07\/group-5@2x.png 122w, https:\/\/www.junglescout.com\/wp-content\/uploads\/2019\/07\/group-5@2x-30x25.png 30w\" sizes=\"(max-width: 61px) 100vw, 61px\" \/><\/figure><\/div>\n\n\n<h5 class='wp-block-js-block-heading' style='text-align: center'>Produkt-Ranking<\/h5>\n\n\n<p>Sehen Sie sich auf Amazon beliebige Produkt-Rankings an.<\/p>\n\n<\/div>\n\n<div class='mb-12 wp-block-js-block-layout-column col-12 col-sm-12 col-md-4 col-lg-4 col-xl-4' style='text-align: center'>\n\n<div class=\"wp-block-image\"><figure class=\"aligncenter is-resized\"><img loading=\"lazy\" decoding=\"async\" src=\"https:\/\/www.junglescout.com\/wp-content\/uploads\/2019\/07\/icon-calculator-copy@2x.png\" alt=\"\" class=\"wp-image-17485\" width=\"36\" height=\"50\" srcset=\"https:\/\/www.junglescout.com\/wp-content\/uploads\/2019\/07\/icon-calculator-copy@2x.png 72w, https:\/\/www.junglescout.com\/wp-content\/uploads\/2019\/07\/icon-calculator-copy@2x-22x30.png 22w\" sizes=\"(max-width: 36px) 100vw, 36px\" \/><\/figure><\/div>\n\n\n<h5 class='wp-block-js-block-heading' style='text-align: center'>Gewinnrechner<\/h5>\n\n\n<p>Berechnen Sie alle produktbezogenen Geb\u00fchren.<\/p>\n\n<\/div>\n<\/div><\/div>\n      <\/section>\n    \n\n<style type=\"text\/css\">          .background-72 {\n        background-image: url('https:\/\/www.junglescout.com\/wp-content\/uploads\/2019\/07\/rectangle-2.png');\n                        background-repeat: no-repeat;                }\n      <\/style>  <div   class=\"background-72 py-14\"  >\n    \n      <section class=\"mb-0 container\" >\n        \n<div class='container'><div class='row'>\n<div class='wp-block-js-block-layout-column col-12 col-sm-12 col-md-12 col-lg-12 col-xl-12' style='text-align: center'>\n<h3 class='text-white text-center wp-block-js-block-heading' style='text-align: center'>Beginnen Sie Ihre Produkt-Recherche mit Jungle Scout<\/h3>\n\n\n<p class=\"has-text-align-center mb-12 text-white text-center\">Jungle Scout bietet eine 14-t\u00e4gige Geld-zur\u00fcck-Garantie.<\/p>\n\n\n<a style='max-width: 270px; width: 100%;' target='_self' class='js-btn js-btn-orange' href='https:\/\/www.junglescout.com\/de\/pricing\/'>Registrieren<\/a>\n<\/div>\n<\/div><\/div>\n      <\/section>\n    \n  <\/div>\n\n  ","protected":false},"excerpt":{"rendered":"","protected":false},"author":2,"featured_media":0,"parent":14020,"menu_order":0,"comment_status":"closed","ping_status":"closed","template":"template-blank-5.blade.php","meta":{"_acf_changed":false,"om_disable_all_campaigns":false,"footnotes":""},"customer-segment":[],"content-type":[],"topic":[],"feature":[],"product":[],"seller-activity-pain-point":[],"persona":[],"customer-type":[],"data":[],"other-tag":[],"business-model":[],"platform":[],"acf":[],"yoast_head":"<!-- This site is optimized with the Yoast SEO Premium plugin v22.9 (Yoast SEO v24.5) - https:\/\/yoast.com\/wordpress\/plugins\/seo\/ -->\n<title>Amazon-Produktdatenbank \u2013 Finden Sie rentable Produkte zum Verkaufen<\/title>\n<meta name=\"robots\" content=\"index, follow, max-snippet:-1, max-image-preview:large, max-video-preview:-1\" \/>\n<link rel=\"canonical\" href=\"https:\/\/www.junglescout.com\/de\/features\/product-database\/\" \/>\n<meta property=\"og:locale\" content=\"de_DE\" \/>\n<meta property=\"og:type\" content=\"article\" \/>\n<meta property=\"og:title\" content=\"Amazon-Produktdatenbank \u2013 Finden Sie rentable Produkte zum Verkaufen\" \/>\n<meta property=\"og:url\" content=\"https:\/\/www.junglescout.com\/de\/features\/product-database\/\" \/>\n<meta property=\"og:site_name\" content=\"Jungle Scout\" \/>\n<meta property=\"article:modified_time\" content=\"2021-03-31T19:52:10+00:00\" \/>\n<meta property=\"og:image\" content=\"https:\/\/www.junglescout.com\/wp-content\/uploads\/2021\/02\/German-Localization-Product-Database@2x.jpg\" \/>\n\t<meta property=\"og:image:width\" content=\"2400\" \/>\n\t<meta property=\"og:image:height\" content=\"1256\" \/>\n\t<meta property=\"og:image:type\" content=\"image\/jpeg\" \/>\n<meta name=\"twitter:card\" content=\"summary_large_image\" \/>\n<meta name=\"twitter:image\" content=\"https:\/\/www.junglescout.com\/wp-content\/uploads\/2021\/02\/German-Localization-Product-Database@2x.jpg\" \/>\n<meta name=\"twitter:label1\" content=\"Est. reading time\" \/>\n\t<meta name=\"twitter:data1\" content=\"1 minute\" \/>\n<script type=\"application\/ld+json\" class=\"yoast-schema-graph\">{\"@context\":\"https:\/\/schema.org\",\"@graph\":[{\"@type\":\"WebPage\",\"@id\":\"https:\/\/www.junglescout.com\/de\/features\/product-database\/\",\"url\":\"https:\/\/www.junglescout.com\/de\/features\/product-database\/\",\"name\":\"Amazon-Produktdatenbank \u2013 Finden Sie rentable Produkte zum Verkaufen\",\"isPartOf\":{\"@id\":\"https:\/\/www.junglescout.com\/de\/#website\"},\"primaryImageOfPage\":{\"@id\":\"https:\/\/www.junglescout.com\/de\/features\/product-database\/#primaryimage\"},\"image\":{\"@id\":\"https:\/\/www.junglescout.com\/de\/features\/product-database\/#primaryimage\"},\"thumbnailUrl\":\"https:\/\/www.junglescout.com\/wp-content\/uploads\/2020\/07\/product-database@2x.png\",\"datePublished\":\"2019-07-10T02:01:01+00:00\",\"dateModified\":\"2021-03-31T19:52:10+00:00\",\"breadcrumb\":{\"@id\":\"https:\/\/www.junglescout.com\/de\/features\/product-database\/#breadcrumb\"},\"inLanguage\":\"de-DE\",\"potentialAction\":[{\"@type\":\"ReadAction\",\"target\":[\"https:\/\/www.junglescout.com\/de\/features\/product-database\/\"]}]},{\"@type\":\"ImageObject\",\"inLanguage\":\"de-DE\",\"@id\":\"https:\/\/www.junglescout.com\/de\/features\/product-database\/#primaryimage\",\"url\":\"https:\/\/www.junglescout.com\/wp-content\/uploads\/2020\/07\/product-database@2x.png\",\"contentUrl\":\"https:\/\/www.junglescout.com\/wp-content\/uploads\/2020\/07\/product-database@2x.png\"},{\"@type\":\"BreadcrumbList\",\"@id\":\"https:\/\/www.junglescout.com\/de\/features\/product-database\/#breadcrumb\",\"itemListElement\":[{\"@type\":\"ListItem\",\"position\":1,\"name\":\"features\",\"item\":\"https:\/\/www.junglescout.com\/de\/features\/\"},{\"@type\":\"ListItem\",\"position\":2,\"name\":\"Amazon-Produktdatenbank \u2013 Finden Sie rentable Produkte zum Verkaufen\"}]},{\"@type\":\"WebSite\",\"@id\":\"https:\/\/www.junglescout.com\/de\/#website\",\"url\":\"https:\/\/www.junglescout.com\/de\/\",\"name\":\"Jungle Scout\",\"description\":\"Amazon Data for Brands, Retailers &amp; Financial Services\",\"publisher\":{\"@id\":\"https:\/\/www.junglescout.com\/de\/#organization\"},\"potentialAction\":[{\"@type\":\"SearchAction\",\"target\":{\"@type\":\"EntryPoint\",\"urlTemplate\":\"https:\/\/www.junglescout.com\/de\/?s={search_term_string}\"},\"query-input\":{\"@type\":\"PropertyValueSpecification\",\"valueRequired\":true,\"valueName\":\"search_term_string\"}}],\"inLanguage\":\"de-DE\"},{\"@type\":\"Organization\",\"@id\":\"https:\/\/www.junglescout.com\/de\/#organization\",\"name\":\"Jungle Scout\",\"url\":\"https:\/\/www.junglescout.com\/de\/\",\"logo\":{\"@type\":\"ImageObject\",\"inLanguage\":\"de-DE\",\"@id\":\"https:\/\/www.junglescout.com\/de\/#\/schema\/logo\/image\/\",\"url\":\"https:\/\/www.junglescout.com\/wp-content\/uploads\/2025\/03\/Jungle-Scout-Branding-Wordmark.svg\",\"contentUrl\":\"https:\/\/www.junglescout.com\/wp-content\/uploads\/2025\/03\/Jungle-Scout-Branding-Wordmark.svg\",\"width\":150,\"height\":23,\"caption\":\"Jungle Scout\"},\"image\":{\"@id\":\"https:\/\/www.junglescout.com\/de\/#\/schema\/logo\/image\/\"}}]}<\/script>\n<!-- \/ Yoast SEO Premium plugin. -->","yoast_head_json":{"title":"Amazon-Produktdatenbank \u2013 Finden Sie rentable Produkte zum Verkaufen","robots":{"index":"index","follow":"follow","max-snippet":"max-snippet:-1","max-image-preview":"max-image-preview:large","max-video-preview":"max-video-preview:-1"},"canonical":"https:\/\/www.junglescout.com\/de\/features\/product-database\/","og_locale":"de_DE","og_type":"article","og_title":"Amazon-Produktdatenbank \u2013 Finden Sie rentable Produkte zum Verkaufen","og_url":"https:\/\/www.junglescout.com\/de\/features\/product-database\/","og_site_name":"Jungle Scout","article_modified_time":"2021-03-31T19:52:10+00:00","og_image":[{"width":2400,"height":1256,"url":"https:\/\/www.junglescout.com\/wp-content\/uploads\/2021\/02\/German-Localization-Product-Database@2x.jpg","type":"image\/jpeg"}],"twitter_card":"summary_large_image","twitter_image":"https:\/\/www.junglescout.com\/wp-content\/uploads\/2021\/02\/German-Localization-Product-Database@2x.jpg","twitter_misc":{"Est. reading time":"1 minute"},"schema":{"@context":"https:\/\/schema.org","@graph":[{"@type":"WebPage","@id":"https:\/\/www.junglescout.com\/de\/features\/product-database\/","url":"https:\/\/www.junglescout.com\/de\/features\/product-database\/","name":"Amazon-Produktdatenbank \u2013 Finden Sie rentable Produkte zum Verkaufen","isPartOf":{"@id":"https:\/\/www.junglescout.com\/de\/#website"},"primaryImageOfPage":{"@id":"https:\/\/www.junglescout.com\/de\/features\/product-database\/#primaryimage"},"image":{"@id":"https:\/\/www.junglescout.com\/de\/features\/product-database\/#primaryimage"},"thumbnailUrl":"https:\/\/www.junglescout.com\/wp-content\/uploads\/2020\/07\/product-database@2x.png","datePublished":"2019-07-10T02:01:01+00:00","dateModified":"2021-03-31T19:52:10+00:00","breadcrumb":{"@id":"https:\/\/www.junglescout.com\/de\/features\/product-database\/#breadcrumb"},"inLanguage":"de-DE","potentialAction":[{"@type":"ReadAction","target":["https:\/\/www.junglescout.com\/de\/features\/product-database\/"]}]},{"@type":"ImageObject","inLanguage":"de-DE","@id":"https:\/\/www.junglescout.com\/de\/features\/product-database\/#primaryimage","url":"https:\/\/www.junglescout.com\/wp-content\/uploads\/2020\/07\/product-database@2x.png","contentUrl":"https:\/\/www.junglescout.com\/wp-content\/uploads\/2020\/07\/product-database@2x.png"},{"@type":"BreadcrumbList","@id":"https:\/\/www.junglescout.com\/de\/features\/product-database\/#breadcrumb","itemListElement":[{"@type":"ListItem","position":1,"name":"features","item":"https:\/\/www.junglescout.com\/de\/features\/"},{"@type":"ListItem","position":2,"name":"Amazon-Produktdatenbank \u2013 Finden Sie rentable Produkte zum Verkaufen"}]},{"@type":"WebSite","@id":"https:\/\/www.junglescout.com\/de\/#website","url":"https:\/\/www.junglescout.com\/de\/","name":"Jungle Scout","description":"Amazon Data for Brands, Retailers &amp; Financial Services","publisher":{"@id":"https:\/\/www.junglescout.com\/de\/#organization"},"potentialAction":[{"@type":"SearchAction","target":{"@type":"EntryPoint","urlTemplate":"https:\/\/www.junglescout.com\/de\/?s={search_term_string}"},"query-input":{"@type":"PropertyValueSpecification","valueRequired":true,"valueName":"search_term_string"}}],"inLanguage":"de-DE"},{"@type":"Organization","@id":"https:\/\/www.junglescout.com\/de\/#organization","name":"Jungle Scout","url":"https:\/\/www.junglescout.com\/de\/","logo":{"@type":"ImageObject","inLanguage":"de-DE","@id":"https:\/\/www.junglescout.com\/de\/#\/schema\/logo\/image\/","url":"https:\/\/www.junglescout.com\/wp-content\/uploads\/2025\/03\/Jungle-Scout-Branding-Wordmark.svg","contentUrl":"https:\/\/www.junglescout.com\/wp-content\/uploads\/2025\/03\/Jungle-Scout-Branding-Wordmark.svg","width":150,"height":23,"caption":"Jungle Scout"},"image":{"@id":"https:\/\/www.junglescout.com\/de\/#\/schema\/logo\/image\/"}}]}},"_links":{"self":[{"href":"https:\/\/www.junglescout.com\/de\/wp-json\/wp\/v2\/pages\/82762"}],"collection":[{"href":"https:\/\/www.junglescout.com\/de\/wp-json\/wp\/v2\/pages"}],"about":[{"href":"https:\/\/www.junglescout.com\/de\/wp-json\/wp\/v2\/types\/page"}],"author":[{"embeddable":true,"href":"https:\/\/www.junglescout.com\/de\/wp-json\/wp\/v2\/users\/2"}],"replies":[{"embeddable":true,"href":"https:\/\/www.junglescout.com\/de\/wp-json\/wp\/v2\/comments?post=82762"}],"version-history":[{"count":0,"href":"https:\/\/www.junglescout.com\/de\/wp-json\/wp\/v2\/pages\/82762\/revisions"}],"up":[{"embeddable":true,"href":"https:\/\/www.junglescout.com\/de\/wp-json\/wp\/v2\/pages\/14020"}],"wp:attachment":[{"href":"https:\/\/www.junglescout.com\/de\/wp-json\/wp\/v2\/media?parent=82762"}],"wp:term":[{"taxonomy":"customer-segment","embeddable":true,"href":"https:\/\/www.junglescout.com\/de\/wp-json\/wp\/v2\/customer-segment?post=82762"},{"taxonomy":"content-type","embeddable":true,"href":"https:\/\/www.junglescout.com\/de\/wp-json\/wp\/v2\/content-type?post=82762"},{"taxonomy":"topic","embeddable":true,"href":"https:\/\/www.junglescout.com\/de\/wp-json\/wp\/v2\/topic?post=82762"},{"taxonomy":"feature","embeddable":true,"href":"https:\/\/www.junglescout.com\/de\/wp-json\/wp\/v2\/feature?post=82762"},{"taxonomy":"product","embeddable":true,"href":"https:\/\/www.junglescout.com\/de\/wp-json\/wp\/v2\/product?post=82762"},{"taxonomy":"seller-activity-pain-point","embeddable":true,"href":"https:\/\/www.junglescout.com\/de\/wp-json\/wp\/v2\/seller-activity-pain-point?post=82762"},{"taxonomy":"persona","embeddable":true,"href":"https:\/\/www.junglescout.com\/de\/wp-json\/wp\/v2\/persona?post=82762"},{"taxonomy":"customer-type","embeddable":true,"href":"https:\/\/www.junglescout.com\/de\/wp-json\/wp\/v2\/customer-type?post=82762"},{"taxonomy":"data","embeddable":true,"href":"https:\/\/www.junglescout.com\/de\/wp-json\/wp\/v2\/data?post=82762"},{"taxonomy":"other-tag","embeddable":true,"href":"https:\/\/www.junglescout.com\/de\/wp-json\/wp\/v2\/other-tag?post=82762"},{"taxonomy":"business-model","embeddable":true,"href":"https:\/\/www.junglescout.com\/de\/wp-json\/wp\/v2\/business-model?post=82762"},{"taxonomy":"platform","embeddable":true,"href":"https:\/\/www.junglescout.com\/de\/wp-json\/wp\/v2\/platform?post=82762"}],"curies":[{"name":"wp","href":"https:\/\/api.w.org\/{rel}","templated":true}]}}