{"id":82801,"date":"2019-10-22T11:41:06","date_gmt":"2019-10-22T16:41:06","guid":{"rendered":"https:\/\/www.junglescout.com\/opportunity-finder\/"},"modified":"2021-03-31T14:51:40","modified_gmt":"2021-03-31T19:51:40","slug":"opportunity-finder","status":"publish","type":"page","link":"https:\/\/www.junglescout.com\/de\/features\/opportunity-finder\/","title":{"rendered":"Gelegenheitsfinder \u2013 Finden Sie rentable Produkte f\u00fcr den Verkauf auf Amazon"},"content":{"rendered":"      <section class=\"d-flex justify-content-center container-fluid\"  style=\"background-image: url(https:\/\/www.junglescout.com\/wp-content\/uploads\/2019\/10\/header-bg-stripes-orange.jpg);background-position: center center;background-size: cover;background-repeat: no-repeat\">\n        \n<div class='container pt-12 justify-content-between align-items-center row'>\n<div class='d-flex flex-column justify-content-center wp-block-js-block-layout-column col-12 col-sm-12 col-md-6 col-lg-6 col-xl-6' style='text-align: left'>\n  <div     >\n    \n\n<span class=\"badge badge-white text-primary text-uppercase font-size-12\"> \n<img loading=\"lazy\" decoding=\"async\" src=\"https:\/\/www.junglescout.com\/wp-content\/uploads\/2020\/08\/niche-hunter@2x.png\" alt=\"\" class=\"wp-image-23961 mr-1 mb-1\" width=\"12\" height=\"12\">Gelegenheitsfinder<\/span>\n\n  <\/div>\n\n  \n\n<h1 class='mb-4 ml-0 wp-block-js-block-heading' style='text-align: left;color: #000000'>Finden Sie rentable Produkte<\/h1>\n\n\n<p>Entdecken Sie Produktchancen, indem Sie<br>nach Schl\u00fcsselw\u00f6rtern mit hoher Nachfrage<br>und geringem Wettbewerb suchen.<\/p>\n\n\n<a style='max-width:200px;' target='_self' class='js-btn js-btn-orange-gradient  d-block' href='https:\/\/www.junglescout.com\/de\/pricing'>Erste Schritte<\/a>\n<\/div>\n\n<div class='my-6 pr-md-0 mt-12 mt-md-0 wp-block-js-block-layout-column col-12 col-sm-12 col-md-6 col-lg-5 col-xl-5' style='text-align: left'>\n<figure class=\"wp-block-image size-large no-lazy\"><img decoding=\"async\" width=\"1024\" height=\"614\" src=\"https:\/\/www.junglescout.com\/wp-content\/uploads\/2021\/02\/german_img_opportunity-finder_hero_de-1024x614.png\" alt=\"\" class=\"wp-image-82812 no-lazy\" srcset=\"https:\/\/www.junglescout.com\/wp-content\/uploads\/2021\/02\/german_img_opportunity-finder_hero_de-1024x614.png 1024w, https:\/\/www.junglescout.com\/wp-content\/uploads\/2021\/02\/german_img_opportunity-finder_hero_de-300x180.png 300w, https:\/\/www.junglescout.com\/wp-content\/uploads\/2021\/02\/german_img_opportunity-finder_hero_de.png 1140w\" sizes=\"(max-width: 1024px) 100vw, 1024px\" \/><\/figure>\n\n<\/div>\n<\/div>\n      <\/section>\n    \n\n      <section class=\"container\" >\n        \n<div class='justify-content-center text-center row'>\n<div class='wp-block-js-block-layout-column col-12 col-sm-12 col-md-10 col-lg-8 col-xl-8' style='text-align: left'>\n<h2 class='mt-0 mb-4 wp-block-js-block-heading' style='text-align: center'>Was ist der Gelegenheitsfinder?<\/h2>\n\n\n<p class=\"has-text-align-center\" style=\"font-size:18px\">Der Gelegenheitsfinder nutzt Schl\u00fcsselw\u00f6rter, um vielversprechende Produktchancen zu entdecken. Verwandeln Sie ein Schl\u00fcsselwort in ein Marktsegment und sehen Sie sich Daten zu Umsatzentwicklung, aufkommenden Trends und Einblicke in den Wettbewerb am Markt an.<\/p>\n\n<\/div>\n<\/div>\n      <\/section>\n    \n\n      <section class=\"justify-content-center pt-0 mb-0 container\" >\n        \n<div class='py-12 mb-14 justify-content-between align-items-center row'>\n<div class='order-2 order-md-1 wp-block-js-block-layout-column col-12 col-sm-12 col-md-6 col-lg-5 col-xl-5' style='text-align: left'>\n  <div     >\n    \n<h3 class='wp-block-js-block-heading' style='text-align: left'>Entdecken Sie Produktchancen<\/h3>\n\n\n<p class=\"has-text-align-left\">Konzentrieren Sie sich auf Amazon-Schl\u00fcsselw\u00f6rter f\u00fcr stark nachgefragte Produkte (Trending) mit geringem Wettbewerb. Mit den voreingestellten Kategorien und Filtern des Gelegenheitsfinders gelangen Sie zu einem rentablen Produkt.<\/p>\n\n  <\/div>\n\n  \n<\/div>\n\n<div class='order-1 order-md-2  wp-block-js-block-layout-column col-12 col-sm-12 col-md-6 col-lg-6 col-xl-6' style='text-align: left'>\n\n<figure class=\"wp-block-image size-large is-resized\"><img loading=\"lazy\" decoding=\"async\" src=\"https:\/\/www.junglescout.com\/wp-content\/uploads\/2021\/02\/german_mg_opportunity-finder_search-volume_de-1024x648.png\" alt=\"\" class=\"wp-image-82833\" width=\"512\" height=\"324\" srcset=\"https:\/\/www.junglescout.com\/wp-content\/uploads\/2021\/02\/german_mg_opportunity-finder_search-volume_de-1024x648.png 1024w, https:\/\/www.junglescout.com\/wp-content\/uploads\/2021\/02\/german_mg_opportunity-finder_search-volume_de-300x190.png 300w, https:\/\/www.junglescout.com\/wp-content\/uploads\/2021\/02\/german_mg_opportunity-finder_search-volume_de.png 1146w\" sizes=\"(max-width: 512px) 100vw, 512px\" \/><\/figure>\n\n<\/div>\n<\/div>\n\n<div class='py-12 mb-14 justify-content-between align-items-center row'>\n<div class='wp-block-js-block-layout-column col-12 col-sm-12 col-md-6 col-lg-6 col-xl-6' style='text-align: left'>\n\n<figure class=\"wp-block-image size-large pr-0 pr-md-6\"><img loading=\"lazy\" decoding=\"async\" width=\"1024\" height=\"648\" src=\"https:\/\/www.junglescout.com\/wp-content\/uploads\/2021\/02\/german_img_opportunity-finder_view-niche-sales_de-1024x648.png\" alt=\"\" class=\"wp-image-82826\" srcset=\"https:\/\/www.junglescout.com\/wp-content\/uploads\/2021\/02\/german_img_opportunity-finder_view-niche-sales_de-1024x648.png 1024w, https:\/\/www.junglescout.com\/wp-content\/uploads\/2021\/02\/german_img_opportunity-finder_view-niche-sales_de-300x190.png 300w, https:\/\/www.junglescout.com\/wp-content\/uploads\/2021\/02\/german_img_opportunity-finder_view-niche-sales_de.png 1194w\" sizes=\"(max-width: 1024px) 100vw, 1024px\" \/><\/figure>\n\n<\/div>\n\n<div class='pr-md-12 wp-block-js-block-layout-column col-12 col-sm-12 col-md-6 col-lg-6 col-xl-6' style='text-align: left'>\n  <div     >\n    \n<h3 class='wp-block-js-block-heading' style='text-align: left'>Sehen Sie sich die Schl\u00fcsselw\u00f6rter zu den Gelegenheiten \u00fcber einen bestimmten Zeitraum an<\/h3>\n\n\n<p class=\"has-text-align-left mr-lg-12\">Erhalten Sie eine \u00dcbersicht zu einem bestimmten Schl\u00fcsselwort \u00fcber einen bestimmten Zeitraum. Hier sehen Sie die durchschnittlichen verkauften Einheiten, den Durchschnittspreis, das Suchvolumen, saisonale Trends, Rezensionen und Anbieterdetails, um die Produktleistung und Marktg\u00e4ngigkeit zu bewerten.<\/p>\n\n  <\/div>\n\n  \n<\/div>\n<\/div>\n\n<div class='py-12 mb-14 justify-content-between align-items-center row'>\n<div class='order-2 order-md-1 wp-block-js-block-layout-column col-12 col-sm-12 col-md-6 col-lg-5 col-xl-5' style='text-align: left'>\n  <div     >\n    \n  <div   class=\"mt-2\"  >\n    \n\n<p class=\"mb-0 badge badge-grad-primary_mango font-weight-normal\">Neu<\/p>\n\n  <\/div>\n\n  \n\n<h3 class='mt-2 wp-block-js-block-heading' style='text-align: left'>Sehen Sie sich die Produktsaisonalit\u00e4t an<\/h3>\n\n\n<p class=\"has-text-align-left mb-0\">Sehen Sie sich an, welche Schl\u00fcsselw\u00f6rter saisonale Spitzen aufweisen, mit designierten Markern wie Trending, Corona u. v. m. Verwenden Sie diese Marker, um zu entscheiden, ob Sie in ein Produkt mit starker Saisonalit\u00e4t investieren m\u00f6chten.<\/p>\n\n  <\/div>\n\n  \n<\/div>\n\n<div class='order-1 order-md-2  wp-block-js-block-layout-column col-12 col-sm-12 col-md-6 col-lg-6 col-xl-6' style='text-align: left'>\n\n<figure class=\"wp-block-image size-large is-resized mt-n1\"><img loading=\"lazy\" decoding=\"async\" src=\"https:\/\/www.junglescout.com\/wp-content\/uploads\/2021\/02\/german_opp-finder_spot-seasonality_de-1024x639.png\" alt=\"\" class=\"wp-image-82847\" width=\"512\" height=\"320\" srcset=\"https:\/\/www.junglescout.com\/wp-content\/uploads\/2021\/02\/german_opp-finder_spot-seasonality_de-1024x639.png 1024w, https:\/\/www.junglescout.com\/wp-content\/uploads\/2021\/02\/german_opp-finder_spot-seasonality_de-300x187.png 300w, https:\/\/www.junglescout.com\/wp-content\/uploads\/2021\/02\/german_opp-finder_spot-seasonality_de.png 1154w\" sizes=\"(max-width: 512px) 100vw, 512px\" \/><\/figure>\n\n<\/div>\n<\/div>\n\n<div class='py-12 mb-14 justify-content-between align-items-center row'>\n<div class='order-2 wp-block-js-block-layout-column col-12 col-sm-12 col-md-6 col-lg-5 col-xl-5' style='text-align: left'>\n  <div     >\n    \n<h3 class='wp-block-js-block-heading' style='text-align: left'>Bewerten Sie Gelegenheiten mit dem Niche Score<\/h3>\n\n\n<p class=\"has-text-align-left mb-0\">Treffen Sie Entscheidungen anhand von Daten, die vom Niche Score des Gelegenheitsfinders unterst\u00fctzt werden. Dieser Algorithmus misst Nachfrage, Wettbewerb und Angebotsqualit\u00e4t, um den Erfolg eines Produkts auf Amazon vorherzusagen.<\/p>\n\n  <\/div>\n\n  \n<\/div>\n\n<div class='order-1  wp-block-js-block-layout-column col-12 col-sm-12 col-md-6 col-lg-6 col-xl-6' style='text-align: left'>\n\n<figure class=\"wp-block-image size-large mt-n1\"><img loading=\"lazy\" decoding=\"async\" width=\"1024\" height=\"655\" src=\"https:\/\/www.junglescout.com\/wp-content\/uploads\/2021\/03\/img_opportunity-finder_niche-score_de-1024x655.png\" alt=\"\" class=\"wp-image-84049\" srcset=\"https:\/\/www.junglescout.com\/wp-content\/uploads\/2021\/03\/img_opportunity-finder_niche-score_de-1024x655.png 1024w, https:\/\/www.junglescout.com\/wp-content\/uploads\/2021\/03\/img_opportunity-finder_niche-score_de-300x192.png 300w, https:\/\/www.junglescout.com\/wp-content\/uploads\/2021\/03\/img_opportunity-finder_niche-score_de.png 1142w\" sizes=\"(max-width: 1024px) 100vw, 1024px\" \/><\/figure>\n\n<\/div>\n<\/div>\n\n<div class='py-12 mb-14 justify-content-between align-items-center row'>\n<div class='order-2 order-md-1 wp-block-js-block-layout-column col-12 col-sm-12 col-md-6 col-lg-5 col-xl-6' style='text-align: left'>\n  <div   class=\"pr-md-12\"  >\n    \n  <div   class=\"mt-2\"  >\n    \n\n<p class=\"mb-0 badge badge-grad-primary_mango font-weight-normal\">Neu<\/p>\n\n  <\/div>\n\n  \n\n<h3 class='mt-2 wp-block-js-block-heading' style='text-align: left'>Identifizieren Sie besonders beliebte Produkte<\/h3>\n\n\n<p class=\"has-text-align-left mb-0 mr-lg-12\">F\u00fcr jede Nische, sehen Sie sich die 25 beliebtesten Produkte an. F\u00fcgen Sie diese Produkte direkt zum Produkt-Tracker hinzu, um die Produkt-Recherche zu vereinfachen, Wettbewerber zu beobachten und eine Verkaufsstrategie zu entwickeln.<\/p>\n\n  <\/div>\n\n  \n<\/div>\n\n<div class='order-1 order-md-2  wp-block-js-block-layout-column col-12 col-sm-12 col-md-6 col-lg-6 col-xl-6' style='text-align: left'>\n\n<figure class=\"wp-block-image size-large is-resized mt-n1\"><img loading=\"lazy\" decoding=\"async\" src=\"https:\/\/www.junglescout.com\/wp-content\/uploads\/2021\/02\/german_mg_opportunity-finder_top-products_de.png\" alt=\"\" class=\"wp-image-82840\" width=\"503\" height=\"349\" srcset=\"https:\/\/www.junglescout.com\/wp-content\/uploads\/2021\/02\/german_mg_opportunity-finder_top-products_de.png 1006w, https:\/\/www.junglescout.com\/wp-content\/uploads\/2021\/02\/german_mg_opportunity-finder_top-products_de-300x208.png 300w\" sizes=\"(max-width: 503px) 100vw, 503px\" \/><\/figure>\n\n<\/div>\n<\/div>\n      <\/section>\n    \n\n<style type=\"text\/css\">          .background-61 {\n        background-image: url('https:\/\/www.junglescout.com\/wp-content\/uploads\/2019\/07\/rectangle-2.png');\n        background-size: cover;        background-position: center center;        background-repeat: no-repeat;                }\n      <\/style>  <div   class=\"background-61 py-6\"  >\n    \n      <section class=\"py-20 mb-0 container\" >\n        \n<div class='row'>\n<div class='py-2 wp-block-js-block-layout-column col-12 col-sm-12 col-md-12 col-lg-12 col-xl-12' style='text-align: center'>\n<h3 class='text-white wp-block-js-block-heading' style='text-align: center'>Beginnen Sie Ihre Produkt-Recherche mit Jungle Scout<\/h3>\n\n\n<p class=\"has-text-align-center mb-12 text-white\">Jungle Scout bietet eine 14-t\u00e4gige Geld-zur\u00fcck-Garantie.<\/p>\n\n\n<a style='max-width: 270px; width: 100%;' target='_self' class='js-btn js-btn-orange' href='https:\/\/www.junglescout.com\/de\/pricing\/'>Registrieren<\/a>\n<\/div>\n<\/div>\n      <\/section>\n    \n  <\/div>\n\n  ","protected":false},"excerpt":{"rendered":"","protected":false},"author":62,"featured_media":0,"parent":14020,"menu_order":0,"comment_status":"closed","ping_status":"closed","template":"template-blank-5.blade.php","meta":{"_acf_changed":false,"om_disable_all_campaigns":false,"footnotes":""},"customer-segment":[],"content-type":[],"topic":[],"feature":[],"product":[],"seller-activity-pain-point":[],"persona":[],"customer-type":[],"data":[],"other-tag":[],"business-model":[],"platform":[],"acf":[],"yoast_head":"<!-- This site is optimized with the Yoast SEO Premium plugin v22.9 (Yoast SEO v24.5) - https:\/\/yoast.com\/wordpress\/plugins\/seo\/ -->\n<title>Gelegenheitsfinder \u2013 Finden Sie rentable Produkte f\u00fcr den Verkauf auf Amazon<\/title>\n<meta name=\"robots\" content=\"index, follow, max-snippet:-1, max-image-preview:large, max-video-preview:-1\" \/>\n<link rel=\"canonical\" href=\"https:\/\/www.junglescout.com\/de\/features\/opportunity-finder\/\" \/>\n<meta property=\"og:locale\" content=\"de_DE\" \/>\n<meta property=\"og:type\" content=\"article\" \/>\n<meta property=\"og:title\" content=\"Gelegenheitsfinder \u2013 Finden Sie rentable Produkte f\u00fcr den Verkauf auf Amazon\" \/>\n<meta property=\"og:url\" content=\"https:\/\/www.junglescout.com\/de\/features\/opportunity-finder\/\" \/>\n<meta property=\"og:site_name\" content=\"Jungle Scout\" \/>\n<meta property=\"article:modified_time\" content=\"2021-03-31T19:51:40+00:00\" \/>\n<meta property=\"og:image\" content=\"https:\/\/www.junglescout.com\/wp-content\/uploads\/2021\/02\/German-Localization-Opportunity-finder@2x.jpg\" \/>\n\t<meta property=\"og:image:width\" content=\"2400\" \/>\n\t<meta property=\"og:image:height\" content=\"1256\" \/>\n\t<meta property=\"og:image:type\" content=\"image\/jpeg\" \/>\n<meta name=\"twitter:card\" content=\"summary_large_image\" \/>\n<meta name=\"twitter:image\" content=\"https:\/\/www.junglescout.com\/wp-content\/uploads\/2021\/02\/German-Localization-Opportunity-finder@2x.jpg\" \/>\n<meta name=\"twitter:label1\" content=\"Est. reading time\" \/>\n\t<meta name=\"twitter:data1\" content=\"1 minute\" \/>\n<script type=\"application\/ld+json\" class=\"yoast-schema-graph\">{\"@context\":\"https:\/\/schema.org\",\"@graph\":[{\"@type\":\"WebPage\",\"@id\":\"https:\/\/www.junglescout.com\/de\/features\/opportunity-finder\/\",\"url\":\"https:\/\/www.junglescout.com\/de\/features\/opportunity-finder\/\",\"name\":\"Gelegenheitsfinder \u2013 Finden Sie rentable Produkte f\u00fcr den Verkauf auf Amazon\",\"isPartOf\":{\"@id\":\"https:\/\/www.junglescout.com\/de\/#website\"},\"primaryImageOfPage\":{\"@id\":\"https:\/\/www.junglescout.com\/de\/features\/opportunity-finder\/#primaryimage\"},\"image\":{\"@id\":\"https:\/\/www.junglescout.com\/de\/features\/opportunity-finder\/#primaryimage\"},\"thumbnailUrl\":\"https:\/\/www.junglescout.com\/wp-content\/uploads\/2020\/08\/niche-hunter@2x.png\",\"datePublished\":\"2019-10-22T16:41:06+00:00\",\"dateModified\":\"2021-03-31T19:51:40+00:00\",\"breadcrumb\":{\"@id\":\"https:\/\/www.junglescout.com\/de\/features\/opportunity-finder\/#breadcrumb\"},\"inLanguage\":\"de-DE\",\"potentialAction\":[{\"@type\":\"ReadAction\",\"target\":[\"https:\/\/www.junglescout.com\/de\/features\/opportunity-finder\/\"]}]},{\"@type\":\"ImageObject\",\"inLanguage\":\"de-DE\",\"@id\":\"https:\/\/www.junglescout.com\/de\/features\/opportunity-finder\/#primaryimage\",\"url\":\"https:\/\/www.junglescout.com\/wp-content\/uploads\/2020\/08\/niche-hunter@2x.png\",\"contentUrl\":\"https:\/\/www.junglescout.com\/wp-content\/uploads\/2020\/08\/niche-hunter@2x.png\"},{\"@type\":\"BreadcrumbList\",\"@id\":\"https:\/\/www.junglescout.com\/de\/features\/opportunity-finder\/#breadcrumb\",\"itemListElement\":[{\"@type\":\"ListItem\",\"position\":1,\"name\":\"features\",\"item\":\"https:\/\/www.junglescout.com\/de\/features\/\"},{\"@type\":\"ListItem\",\"position\":2,\"name\":\"Gelegenheitsfinder \u2013 Finden Sie rentable Produkte f\u00fcr den Verkauf auf Amazon\"}]},{\"@type\":\"WebSite\",\"@id\":\"https:\/\/www.junglescout.com\/de\/#website\",\"url\":\"https:\/\/www.junglescout.com\/de\/\",\"name\":\"Jungle Scout\",\"description\":\"Amazon Data for Brands, Retailers &amp; Financial Services\",\"publisher\":{\"@id\":\"https:\/\/www.junglescout.com\/de\/#organization\"},\"potentialAction\":[{\"@type\":\"SearchAction\",\"target\":{\"@type\":\"EntryPoint\",\"urlTemplate\":\"https:\/\/www.junglescout.com\/de\/?s={search_term_string}\"},\"query-input\":{\"@type\":\"PropertyValueSpecification\",\"valueRequired\":true,\"valueName\":\"search_term_string\"}}],\"inLanguage\":\"de-DE\"},{\"@type\":\"Organization\",\"@id\":\"https:\/\/www.junglescout.com\/de\/#organization\",\"name\":\"Jungle Scout\",\"url\":\"https:\/\/www.junglescout.com\/de\/\",\"logo\":{\"@type\":\"ImageObject\",\"inLanguage\":\"de-DE\",\"@id\":\"https:\/\/www.junglescout.com\/de\/#\/schema\/logo\/image\/\",\"url\":\"https:\/\/www.junglescout.com\/wp-content\/uploads\/2025\/03\/Jungle-Scout-Branding-Wordmark.svg\",\"contentUrl\":\"https:\/\/www.junglescout.com\/wp-content\/uploads\/2025\/03\/Jungle-Scout-Branding-Wordmark.svg\",\"width\":150,\"height\":23,\"caption\":\"Jungle Scout\"},\"image\":{\"@id\":\"https:\/\/www.junglescout.com\/de\/#\/schema\/logo\/image\/\"}}]}<\/script>\n<!-- \/ Yoast SEO Premium plugin. -->","yoast_head_json":{"title":"Gelegenheitsfinder \u2013 Finden Sie rentable Produkte f\u00fcr den Verkauf auf Amazon","robots":{"index":"index","follow":"follow","max-snippet":"max-snippet:-1","max-image-preview":"max-image-preview:large","max-video-preview":"max-video-preview:-1"},"canonical":"https:\/\/www.junglescout.com\/de\/features\/opportunity-finder\/","og_locale":"de_DE","og_type":"article","og_title":"Gelegenheitsfinder \u2013 Finden Sie rentable Produkte f\u00fcr den Verkauf auf Amazon","og_url":"https:\/\/www.junglescout.com\/de\/features\/opportunity-finder\/","og_site_name":"Jungle Scout","article_modified_time":"2021-03-31T19:51:40+00:00","og_image":[{"width":2400,"height":1256,"url":"https:\/\/www.junglescout.com\/wp-content\/uploads\/2021\/02\/German-Localization-Opportunity-finder@2x.jpg","type":"image\/jpeg"}],"twitter_card":"summary_large_image","twitter_image":"https:\/\/www.junglescout.com\/wp-content\/uploads\/2021\/02\/German-Localization-Opportunity-finder@2x.jpg","twitter_misc":{"Est. reading time":"1 minute"},"schema":{"@context":"https:\/\/schema.org","@graph":[{"@type":"WebPage","@id":"https:\/\/www.junglescout.com\/de\/features\/opportunity-finder\/","url":"https:\/\/www.junglescout.com\/de\/features\/opportunity-finder\/","name":"Gelegenheitsfinder \u2013 Finden Sie rentable Produkte f\u00fcr den Verkauf auf Amazon","isPartOf":{"@id":"https:\/\/www.junglescout.com\/de\/#website"},"primaryImageOfPage":{"@id":"https:\/\/www.junglescout.com\/de\/features\/opportunity-finder\/#primaryimage"},"image":{"@id":"https:\/\/www.junglescout.com\/de\/features\/opportunity-finder\/#primaryimage"},"thumbnailUrl":"https:\/\/www.junglescout.com\/wp-content\/uploads\/2020\/08\/niche-hunter@2x.png","datePublished":"2019-10-22T16:41:06+00:00","dateModified":"2021-03-31T19:51:40+00:00","breadcrumb":{"@id":"https:\/\/www.junglescout.com\/de\/features\/opportunity-finder\/#breadcrumb"},"inLanguage":"de-DE","potentialAction":[{"@type":"ReadAction","target":["https:\/\/www.junglescout.com\/de\/features\/opportunity-finder\/"]}]},{"@type":"ImageObject","inLanguage":"de-DE","@id":"https:\/\/www.junglescout.com\/de\/features\/opportunity-finder\/#primaryimage","url":"https:\/\/www.junglescout.com\/wp-content\/uploads\/2020\/08\/niche-hunter@2x.png","contentUrl":"https:\/\/www.junglescout.com\/wp-content\/uploads\/2020\/08\/niche-hunter@2x.png"},{"@type":"BreadcrumbList","@id":"https:\/\/www.junglescout.com\/de\/features\/opportunity-finder\/#breadcrumb","itemListElement":[{"@type":"ListItem","position":1,"name":"features","item":"https:\/\/www.junglescout.com\/de\/features\/"},{"@type":"ListItem","position":2,"name":"Gelegenheitsfinder \u2013 Finden Sie rentable Produkte f\u00fcr den Verkauf auf Amazon"}]},{"@type":"WebSite","@id":"https:\/\/www.junglescout.com\/de\/#website","url":"https:\/\/www.junglescout.com\/de\/","name":"Jungle Scout","description":"Amazon Data for Brands, Retailers &amp; Financial Services","publisher":{"@id":"https:\/\/www.junglescout.com\/de\/#organization"},"potentialAction":[{"@type":"SearchAction","target":{"@type":"EntryPoint","urlTemplate":"https:\/\/www.junglescout.com\/de\/?s={search_term_string}"},"query-input":{"@type":"PropertyValueSpecification","valueRequired":true,"valueName":"search_term_string"}}],"inLanguage":"de-DE"},{"@type":"Organization","@id":"https:\/\/www.junglescout.com\/de\/#organization","name":"Jungle Scout","url":"https:\/\/www.junglescout.com\/de\/","logo":{"@type":"ImageObject","inLanguage":"de-DE","@id":"https:\/\/www.junglescout.com\/de\/#\/schema\/logo\/image\/","url":"https:\/\/www.junglescout.com\/wp-content\/uploads\/2025\/03\/Jungle-Scout-Branding-Wordmark.svg","contentUrl":"https:\/\/www.junglescout.com\/wp-content\/uploads\/2025\/03\/Jungle-Scout-Branding-Wordmark.svg","width":150,"height":23,"caption":"Jungle Scout"},"image":{"@id":"https:\/\/www.junglescout.com\/de\/#\/schema\/logo\/image\/"}}]}},"_links":{"self":[{"href":"https:\/\/www.junglescout.com\/de\/wp-json\/wp\/v2\/pages\/82801"}],"collection":[{"href":"https:\/\/www.junglescout.com\/de\/wp-json\/wp\/v2\/pages"}],"about":[{"href":"https:\/\/www.junglescout.com\/de\/wp-json\/wp\/v2\/types\/page"}],"author":[{"embeddable":true,"href":"https:\/\/www.junglescout.com\/de\/wp-json\/wp\/v2\/users\/62"}],"replies":[{"embeddable":true,"href":"https:\/\/www.junglescout.com\/de\/wp-json\/wp\/v2\/comments?post=82801"}],"version-history":[{"count":0,"href":"https:\/\/www.junglescout.com\/de\/wp-json\/wp\/v2\/pages\/82801\/revisions"}],"up":[{"embeddable":true,"href":"https:\/\/www.junglescout.com\/de\/wp-json\/wp\/v2\/pages\/14020"}],"wp:attachment":[{"href":"https:\/\/www.junglescout.com\/de\/wp-json\/wp\/v2\/media?parent=82801"}],"wp:term":[{"taxonomy":"customer-segment","embeddable":true,"href":"https:\/\/www.junglescout.com\/de\/wp-json\/wp\/v2\/customer-segment?post=82801"},{"taxonomy":"content-type","embeddable":true,"href":"https:\/\/www.junglescout.com\/de\/wp-json\/wp\/v2\/content-type?post=82801"},{"taxonomy":"topic","embeddable":true,"href":"https:\/\/www.junglescout.com\/de\/wp-json\/wp\/v2\/topic?post=82801"},{"taxonomy":"feature","embeddable":true,"href":"https:\/\/www.junglescout.com\/de\/wp-json\/wp\/v2\/feature?post=82801"},{"taxonomy":"product","embeddable":true,"href":"https:\/\/www.junglescout.com\/de\/wp-json\/wp\/v2\/product?post=82801"},{"taxonomy":"seller-activity-pain-point","embeddable":true,"href":"https:\/\/www.junglescout.com\/de\/wp-json\/wp\/v2\/seller-activity-pain-point?post=82801"},{"taxonomy":"persona","embeddable":true,"href":"https:\/\/www.junglescout.com\/de\/wp-json\/wp\/v2\/persona?post=82801"},{"taxonomy":"customer-type","embeddable":true,"href":"https:\/\/www.junglescout.com\/de\/wp-json\/wp\/v2\/customer-type?post=82801"},{"taxonomy":"data","embeddable":true,"href":"https:\/\/www.junglescout.com\/de\/wp-json\/wp\/v2\/data?post=82801"},{"taxonomy":"other-tag","embeddable":true,"href":"https:\/\/www.junglescout.com\/de\/wp-json\/wp\/v2\/other-tag?post=82801"},{"taxonomy":"business-model","embeddable":true,"href":"https:\/\/www.junglescout.com\/de\/wp-json\/wp\/v2\/business-model?post=82801"},{"taxonomy":"platform","embeddable":true,"href":"https:\/\/www.junglescout.com\/de\/wp-json\/wp\/v2\/platform?post=82801"}],"curies":[{"name":"wp","href":"https:\/\/api.w.org\/{rel}","templated":true}]}}